{"id":74692,"date":"2021-08-25T10:05:26","date_gmt":"2021-08-25T10:05:26","guid":{"rendered":"https:\/\/www.biocabaz.pt\/web\/?post_type=product&#038;p=74692"},"modified":"2026-03-28T09:21:09","modified_gmt":"2026-03-28T09:21:09","slug":"penso-diario-algodao-bio-curvo-30-unidades","status":"publish","type":"product","link":"https:\/\/www.biocabaz.pt\/web\/en\/produto\/penso-diario-algodao-bio-curvo-30-unidades\/","title":{"rendered":"ORGANIC COTTON CURVED PANTY LINERS 30UN"},"content":{"rendered":"","protected":false},"excerpt":{"rendered":"<p>Sanitary pads with a more ergonomic shape<br \/>\nFor sensitive skin<br \/>\nWith natural raw materials<br \/>\nOnly organic cotton in contact with your skin<br \/>\nno plastics<br \/>\nNo perfumes or dyes<br \/>\nTotally chlorine free (no chlorine bleaches)<br \/>\nBiodegradable and compostable<br \/>\nVegan<\/p>\n<p>Composition of the sanitary napkin: Organic cotton, vegetable cellulose<br \/>\nBox composition: Recycled cardboard<br \/><b>Use Mode:<\/b> Store in a cool, dry place below 25\u00baC and with low humidity.<\/p>\n","protected":false},"featured_media":74693,"comment_status":"closed","ping_status":"closed","template":"","meta":[],"product_cat":[92],"product_tag":[],"class_list":["post-74692","product","type-product","status-publish","has-post-thumbnail","hentry","product_cat-higiene-intima"],"bundle_layout":"","bundled_by":[],"bundled_items":[],"yoast_head":"<!-- This site is optimized with the Yoast SEO plugin v26.3 - https:\/\/yoast.com\/wordpress\/plugins\/seo\/ -->\n<title>ORGANIC COTTON CURVED PANTY LINERS 30UN<\/title>\n<meta name=\"robots\" content=\"index, follow, max-snippet:-1, max-image-preview:large, max-video-preview:-1\" \/>\n<link rel=\"canonical\" href=\"https:\/\/www.biocabaz.pt\/web\/en\/produto\/penso-diario-algodao-bio-curvo-30-unidades\/\" \/>\n<meta property=\"og:locale\" content=\"pt_PT\" \/>\n<meta property=\"og:locale:alternate\" content=\"pt_PT\" \/>\n<meta property=\"og:type\" content=\"article\" \/>\n<meta property=\"og:title\" content=\"ORGANIC COTTON CURVED PANTY LINERS 30UN\" \/>\n<meta property=\"og:description\" content=\"Sanitary pads with a more ergonomic shape For sensitive skin With natural raw materials Only organic cotton in contact with your skin no plastics No perfumes or dyes Totally chlorine free (no chlorine bleaches) Biodegradable and compostable Vegan Composition of the sanitary napkin: Organic cotton, vegetable cellulose Box composition: Recycled cardboardUse Mode: Store in a cool, dry place below 25\u00baC and with low humidity.\" \/>\n<meta property=\"og:url\" content=\"https:\/\/www.biocabaz.pt\/web\/en\/produto\/penso-diario-algodao-bio-curvo-30-unidades\/\" \/>\n<meta property=\"og:site_name\" content=\"CABAZES BIOL\u00d3GICOS\" \/>\n<meta property=\"article:modified_time\" content=\"2026-03-28T09:21:09+00:00\" \/>\n<meta property=\"og:image\" content=\"https:\/\/www.biocabaz.pt\/web\/wp-conteudos\/uploads\/2021\/08\/penso-diario-algodao-bio-curvo-30-unidades.jpg\" \/>\n\t<meta property=\"og:image:width\" content=\"600\" \/>\n\t<meta property=\"og:image:height\" content=\"600\" \/>\n\t<meta property=\"og:image:type\" content=\"image\/jpeg\" \/>\n<meta name=\"twitter:card\" content=\"summary_large_image\" \/>\n<script type=\"application\/ld+json\" class=\"yoast-schema-graph\">{\"@context\":\"https:\/\/schema.org\",\"@graph\":[{\"@type\":\"WebPage\",\"@id\":\"https:\/\/www.biocabaz.pt\/web\/en\/produto\/penso-diario-algodao-bio-curvo-30-unidades\/\",\"url\":\"https:\/\/www.biocabaz.pt\/web\/en\/produto\/penso-diario-algodao-bio-curvo-30-unidades\/\",\"name\":\"ORGANIC COTTON CURVED PANTY LINERS 30UN\",\"isPartOf\":{\"@id\":\"https:\/\/biocabaz.pt\/web\/#website\"},\"primaryImageOfPage\":{\"@id\":\"https:\/\/www.biocabaz.pt\/web\/en\/produto\/penso-diario-algodao-bio-curvo-30-unidades\/#primaryimage\"},\"image\":{\"@id\":\"https:\/\/www.biocabaz.pt\/web\/en\/produto\/penso-diario-algodao-bio-curvo-30-unidades\/#primaryimage\"},\"thumbnailUrl\":\"https:\/\/www.biocabaz.pt\/web\/wp-conteudos\/uploads\/2021\/08\/penso-diario-algodao-bio-curvo-30-unidades.jpg\",\"datePublished\":\"2021-08-25T10:05:26+00:00\",\"dateModified\":\"2026-03-28T09:21:09+00:00\",\"breadcrumb\":{\"@id\":\"https:\/\/www.biocabaz.pt\/web\/en\/produto\/penso-diario-algodao-bio-curvo-30-unidades\/#breadcrumb\"},\"inLanguage\":\"pt-PT\",\"potentialAction\":[{\"@type\":\"ReadAction\",\"target\":[\"https:\/\/www.biocabaz.pt\/web\/en\/produto\/penso-diario-algodao-bio-curvo-30-unidades\/\"]}]},{\"@type\":\"ImageObject\",\"inLanguage\":\"pt-PT\",\"@id\":\"https:\/\/www.biocabaz.pt\/web\/en\/produto\/penso-diario-algodao-bio-curvo-30-unidades\/#primaryimage\",\"url\":\"https:\/\/www.biocabaz.pt\/web\/wp-conteudos\/uploads\/2021\/08\/penso-diario-algodao-bio-curvo-30-unidades.jpg\",\"contentUrl\":\"https:\/\/www.biocabaz.pt\/web\/wp-conteudos\/uploads\/2021\/08\/penso-diario-algodao-bio-curvo-30-unidades.jpg\",\"width\":600,\"height\":600,\"caption\":\"PENSO DI\u00c1RIO ALGOD\u00c3O BIO CURVO 30 UNIDADES\"},{\"@type\":\"BreadcrumbList\",\"@id\":\"https:\/\/www.biocabaz.pt\/web\/en\/produto\/penso-diario-algodao-bio-curvo-30-unidades\/#breadcrumb\",\"itemListElement\":[{\"@type\":\"ListItem\",\"position\":1,\"name\":\"Home\",\"item\":\"https:\/\/biocabaz.pt\/web\/\"},{\"@type\":\"ListItem\",\"position\":2,\"name\":\"Loja\",\"item\":\"https:\/\/biocabaz.pt\/web\/shop\/\"},{\"@type\":\"ListItem\",\"position\":3,\"name\":\"ORGANIC COTTON CURVED PANTY LINERS 30UN\"}]},{\"@type\":\"WebSite\",\"@id\":\"https:\/\/biocabaz.pt\/web\/#website\",\"url\":\"https:\/\/biocabaz.pt\/web\/\",\"name\":\"CABAZES BIOL\u00d3GICOS\",\"description\":\"One+Number\",\"potentialAction\":[{\"@type\":\"SearchAction\",\"target\":{\"@type\":\"EntryPoint\",\"urlTemplate\":\"https:\/\/biocabaz.pt\/web\/?s={search_term_string}\"},\"query-input\":{\"@type\":\"PropertyValueSpecification\",\"valueRequired\":true,\"valueName\":\"search_term_string\"}}],\"inLanguage\":\"pt-PT\"}]}<\/script>\n<!-- \/ Yoast SEO plugin. -->","yoast_head_json":{"title":"ORGANIC COTTON CURVED PANTY LINERS 30UN","robots":{"index":"index","follow":"follow","max-snippet":"max-snippet:-1","max-image-preview":"max-image-preview:large","max-video-preview":"max-video-preview:-1"},"canonical":"https:\/\/www.biocabaz.pt\/web\/en\/produto\/penso-diario-algodao-bio-curvo-30-unidades\/","og_locale":"pt_PT","og_type":"article","og_title":"[:en]ORGANIC COTTON CURVED PANTY LINERS 30UN[:pt]PENSO DI\u00c1RIO ALGOD\u00c3O BIO CURVO 30 UNIDADES[:] - CABAZES BIOL\u00d3GICOS","og_description":"Sanitary pads with a more ergonomic shape For sensitive skin With natural raw materials Only organic cotton in contact with your skin no plastics No perfumes or dyes Totally chlorine free (no chlorine bleaches) Biodegradable and compostable Vegan Composition of the sanitary napkin: Organic cotton, vegetable cellulose Box composition: Recycled cardboardUse Mode: Store in a cool, dry place below 25\u00baC and with low humidity.","og_url":"https:\/\/www.biocabaz.pt\/web\/en\/produto\/penso-diario-algodao-bio-curvo-30-unidades\/","og_site_name":"CABAZES BIOL\u00d3GICOS","article_modified_time":"2026-03-28T09:21:09+00:00","og_image":[{"width":600,"height":600,"url":"https:\/\/www.biocabaz.pt\/web\/wp-conteudos\/uploads\/2021\/08\/penso-diario-algodao-bio-curvo-30-unidades.jpg","type":"image\/jpeg"}],"twitter_card":"summary_large_image","schema":{"@context":"https:\/\/schema.org","@graph":[{"@type":"WebPage","@id":"https:\/\/www.biocabaz.pt\/web\/en\/produto\/penso-diario-algodao-bio-curvo-30-unidades\/","url":"https:\/\/www.biocabaz.pt\/web\/en\/produto\/penso-diario-algodao-bio-curvo-30-unidades\/","name":"ORGANIC COTTON CURVED PANTY LINERS 30UN","isPartOf":{"@id":"https:\/\/biocabaz.pt\/web\/#website"},"primaryImageOfPage":{"@id":"https:\/\/www.biocabaz.pt\/web\/en\/produto\/penso-diario-algodao-bio-curvo-30-unidades\/#primaryimage"},"image":{"@id":"https:\/\/www.biocabaz.pt\/web\/en\/produto\/penso-diario-algodao-bio-curvo-30-unidades\/#primaryimage"},"thumbnailUrl":"https:\/\/www.biocabaz.pt\/web\/wp-conteudos\/uploads\/2021\/08\/penso-diario-algodao-bio-curvo-30-unidades.jpg","datePublished":"2021-08-25T10:05:26+00:00","dateModified":"2026-03-28T09:21:09+00:00","breadcrumb":{"@id":"https:\/\/www.biocabaz.pt\/web\/en\/produto\/penso-diario-algodao-bio-curvo-30-unidades\/#breadcrumb"},"inLanguage":"pt-PT","potentialAction":[{"@type":"ReadAction","target":["https:\/\/www.biocabaz.pt\/web\/en\/produto\/penso-diario-algodao-bio-curvo-30-unidades\/"]}]},{"@type":"ImageObject","inLanguage":"pt-PT","@id":"https:\/\/www.biocabaz.pt\/web\/en\/produto\/penso-diario-algodao-bio-curvo-30-unidades\/#primaryimage","url":"https:\/\/www.biocabaz.pt\/web\/wp-conteudos\/uploads\/2021\/08\/penso-diario-algodao-bio-curvo-30-unidades.jpg","contentUrl":"https:\/\/www.biocabaz.pt\/web\/wp-conteudos\/uploads\/2021\/08\/penso-diario-algodao-bio-curvo-30-unidades.jpg","width":600,"height":600,"caption":"PENSO DI\u00c1RIO ALGOD\u00c3O BIO CURVO 30 UNIDADES"},{"@type":"BreadcrumbList","@id":"https:\/\/www.biocabaz.pt\/web\/en\/produto\/penso-diario-algodao-bio-curvo-30-unidades\/#breadcrumb","itemListElement":[{"@type":"ListItem","position":1,"name":"Home","item":"https:\/\/biocabaz.pt\/web\/"},{"@type":"ListItem","position":2,"name":"Loja","item":"https:\/\/biocabaz.pt\/web\/shop\/"},{"@type":"ListItem","position":3,"name":"ORGANIC COTTON CURVED PANTY LINERS 30UN"}]},{"@type":"WebSite","@id":"https:\/\/biocabaz.pt\/web\/#website","url":"https:\/\/biocabaz.pt\/web\/","name":"CABAZES BIOL\u00d3GICOS","description":"One+Number","potentialAction":[{"@type":"SearchAction","target":{"@type":"EntryPoint","urlTemplate":"https:\/\/biocabaz.pt\/web\/?s={search_term_string}"},"query-input":{"@type":"PropertyValueSpecification","valueRequired":true,"valueName":"search_term_string"}}],"inLanguage":"pt-PT"}]}},"_links":{"self":[{"href":"https:\/\/www.biocabaz.pt\/web\/en\/wp-json\/wp\/v2\/product\/74692","targetHints":{"allow":["GET"]}}],"collection":[{"href":"https:\/\/www.biocabaz.pt\/web\/en\/wp-json\/wp\/v2\/product"}],"about":[{"href":"https:\/\/www.biocabaz.pt\/web\/en\/wp-json\/wp\/v2\/types\/product"}],"replies":[{"embeddable":true,"href":"https:\/\/www.biocabaz.pt\/web\/en\/wp-json\/wp\/v2\/comments?post=74692"}],"wp:featuredmedia":[{"embeddable":true,"href":"https:\/\/www.biocabaz.pt\/web\/en\/wp-json\/wp\/v2\/media\/74693"}],"wp:attachment":[{"href":"https:\/\/www.biocabaz.pt\/web\/en\/wp-json\/wp\/v2\/media?parent=74692"}],"wp:term":[{"taxonomy":"product_cat","embeddable":true,"href":"https:\/\/www.biocabaz.pt\/web\/en\/wp-json\/wp\/v2\/product_cat?post=74692"},{"taxonomy":"product_tag","embeddable":true,"href":"https:\/\/www.biocabaz.pt\/web\/en\/wp-json\/wp\/v2\/product_tag?post=74692"}],"curies":[{"name":"wp","href":"https:\/\/api.w.org\/{rel}","templated":true}]}}