{"id":6191,"date":"2018-03-23T23:53:35","date_gmt":"2018-03-23T23:53:35","guid":{"rendered":"https:\/\/www.biocabaz.pt\/web\/?post_type=product&#038;p=6191"},"modified":"2022-01-13T22:46:15","modified_gmt":"2022-01-13T22:46:15","slug":"granola-vogue-bio","status":"publish","type":"product","link":"https:\/\/www.biocabaz.pt\/web\/en\/produto\/granola-vogue-bio\/","title":{"rendered":"EATTITUDE ORGANIC GRANOLA \u0093 VOGUE\u0094 450GR N\u00c3O EXISTE"},"content":{"rendered":"<p class=\"font_8\">Ingredientes: Aveia sem gl\u00faten*, Avel\u00e3s*, Nozes*, Am\u00eandoas*, Flores desidratadas*,\u00a0Sementes* (S\u00e9samo, Linha\u00e7a, Chia, Ab\u00f3bora e Girassol), Azeite extra-virgem*, Alho*, Oreg\u00e3os*,\u00a0Gengibre*, Curcuma*, Pimenta preta*, Flor de Sal*.<\/p>\n<p class=\"font_8\"><span class=\"wixGuard\">\u200b<\/span><\/p>\n<p class=\"font_8\">Alerg\u00e9neos: cont\u00e9m sementes de s\u00e9samo e\u00a0frutos de casca rija..<\/p>\n<p class=\"font_8\"><span class=\"wixGuard\">\u200b<\/span><\/p>\n<p class=\"font_8\">* proveniente de agricultura biol\u00f3gica<\/p>\n","protected":false},"excerpt":{"rendered":"<p>Ingredientes: <br \/><b>Dados Nutricionais:<\/b> Declara\u00e7\u00e3o Nutricional por 100g: Energia: KJ\/Kcal; L\u00edpidos: g; dos quais saturados: g; Hidratos de carbono: g; dos quais a\u00e7\u00facares: g; Prote\u00ednas: g; Sal: g.<\/p>\n","protected":false},"featured_media":6192,"comment_status":"closed","ping_status":"closed","template":"","meta":[],"product_cat":[54],"product_tag":[],"class_list":["post-6191","product","type-product","status-publish","has-post-thumbnail","hentry","product_cat-alimentos-sem-gluten"],"bundle_layout":"","bundled_by":[],"bundled_items":[],"yoast_head":"<!-- This site is optimized with the Yoast SEO plugin v26.3 - https:\/\/yoast.com\/wordpress\/plugins\/seo\/ -->\n<title>EATTITUDE ORGANIC GRANOLA \u0093 VOGUE\u0094 450GR N\u00c3O EXISTE<\/title>\n<meta name=\"robots\" content=\"index, follow, max-snippet:-1, max-image-preview:large, max-video-preview:-1\" \/>\n<link rel=\"canonical\" href=\"https:\/\/www.biocabaz.pt\/web\/en\/produto\/granola-vogue-bio\/\" \/>\n<meta property=\"og:locale\" content=\"pt_PT\" \/>\n<meta property=\"og:locale:alternate\" content=\"pt_PT\" \/>\n<meta property=\"og:type\" content=\"article\" \/>\n<meta property=\"og:title\" content=\"EATTITUDE ORGANIC GRANOLA \u0093 VOGUE\u0094 450GR N\u00c3O EXISTE\" \/>\n<meta property=\"og:description\" content=\"Ingredientes: Dados Nutricionais: Declara\u00e7\u00e3o Nutricional por 100g: Energia: KJ\/Kcal; L\u00edpidos: g; dos quais saturados: g; Hidratos de carbono: g; dos quais a\u00e7\u00facares: g; Prote\u00ednas: g; Sal: g.\" \/>\n<meta property=\"og:url\" content=\"https:\/\/www.biocabaz.pt\/web\/en\/produto\/granola-vogue-bio\/\" \/>\n<meta property=\"og:site_name\" content=\"CABAZES BIOL\u00d3GICOS\" \/>\n<meta property=\"article:modified_time\" content=\"2022-01-13T22:46:15+00:00\" \/>\n<meta property=\"og:image\" content=\"https:\/\/www.biocabaz.pt\/web\/wp-conteudos\/uploads\/2018\/03\/granola_vogue.jpg\" \/>\n\t<meta property=\"og:image:width\" content=\"260\" \/>\n\t<meta property=\"og:image:height\" content=\"453\" \/>\n\t<meta property=\"og:image:type\" content=\"image\/jpeg\" \/>\n<meta name=\"twitter:card\" content=\"summary_large_image\" \/>\n<script type=\"application\/ld+json\" class=\"yoast-schema-graph\">{\"@context\":\"https:\/\/schema.org\",\"@graph\":[{\"@type\":\"WebPage\",\"@id\":\"https:\/\/www.biocabaz.pt\/web\/en\/produto\/granola-vogue-bio\/\",\"url\":\"https:\/\/www.biocabaz.pt\/web\/en\/produto\/granola-vogue-bio\/\",\"name\":\"EATTITUDE ORGANIC GRANOLA \u0093 VOGUE\u0094 450GR N\u00c3O EXISTE\",\"isPartOf\":{\"@id\":\"https:\/\/biocabaz.pt\/web\/#website\"},\"primaryImageOfPage\":{\"@id\":\"https:\/\/www.biocabaz.pt\/web\/en\/produto\/granola-vogue-bio\/#primaryimage\"},\"image\":{\"@id\":\"https:\/\/www.biocabaz.pt\/web\/en\/produto\/granola-vogue-bio\/#primaryimage\"},\"thumbnailUrl\":\"https:\/\/www.biocabaz.pt\/web\/wp-conteudos\/uploads\/2018\/03\/granola_vogue.jpg\",\"datePublished\":\"2018-03-23T23:53:35+00:00\",\"dateModified\":\"2022-01-13T22:46:15+00:00\",\"breadcrumb\":{\"@id\":\"https:\/\/www.biocabaz.pt\/web\/en\/produto\/granola-vogue-bio\/#breadcrumb\"},\"inLanguage\":\"pt-PT\",\"potentialAction\":[{\"@type\":\"ReadAction\",\"target\":[\"https:\/\/www.biocabaz.pt\/web\/en\/produto\/granola-vogue-bio\/\"]}]},{\"@type\":\"ImageObject\",\"inLanguage\":\"pt-PT\",\"@id\":\"https:\/\/www.biocabaz.pt\/web\/en\/produto\/granola-vogue-bio\/#primaryimage\",\"url\":\"https:\/\/www.biocabaz.pt\/web\/wp-conteudos\/uploads\/2018\/03\/granola_vogue.jpg\",\"contentUrl\":\"https:\/\/www.biocabaz.pt\/web\/wp-conteudos\/uploads\/2018\/03\/granola_vogue.jpg\",\"width\":260,\"height\":453,\"caption\":\"granola vogue bio\"},{\"@type\":\"BreadcrumbList\",\"@id\":\"https:\/\/www.biocabaz.pt\/web\/en\/produto\/granola-vogue-bio\/#breadcrumb\",\"itemListElement\":[{\"@type\":\"ListItem\",\"position\":1,\"name\":\"Home\",\"item\":\"https:\/\/biocabaz.pt\/web\/\"},{\"@type\":\"ListItem\",\"position\":2,\"name\":\"Loja\",\"item\":\"https:\/\/biocabaz.pt\/web\/shop\/\"},{\"@type\":\"ListItem\",\"position\":3,\"name\":\"EATTITUDE ORGANIC GRANOLA \u0093 VOGUE\u0094 450GR N\u00c3O EXISTE\"}]},{\"@type\":\"WebSite\",\"@id\":\"https:\/\/biocabaz.pt\/web\/#website\",\"url\":\"https:\/\/biocabaz.pt\/web\/\",\"name\":\"CABAZES BIOL\u00d3GICOS\",\"description\":\"One+Number\",\"potentialAction\":[{\"@type\":\"SearchAction\",\"target\":{\"@type\":\"EntryPoint\",\"urlTemplate\":\"https:\/\/biocabaz.pt\/web\/?s={search_term_string}\"},\"query-input\":{\"@type\":\"PropertyValueSpecification\",\"valueRequired\":true,\"valueName\":\"search_term_string\"}}],\"inLanguage\":\"pt-PT\"}]}<\/script>\n<!-- \/ Yoast SEO plugin. -->","yoast_head_json":{"title":"EATTITUDE ORGANIC GRANOLA \u0093 VOGUE\u0094 450GR N\u00c3O EXISTE","robots":{"index":"index","follow":"follow","max-snippet":"max-snippet:-1","max-image-preview":"max-image-preview:large","max-video-preview":"max-video-preview:-1"},"canonical":"https:\/\/www.biocabaz.pt\/web\/en\/produto\/granola-vogue-bio\/","og_locale":"pt_PT","og_type":"article","og_title":"[:pt]EATTITUDE ORGANIC GRANOLA \u0093 VOGUE\u0094 450GR N\u00c3O EXISTE[:] - CABAZES BIOL\u00d3GICOS","og_description":"Ingredientes: Dados Nutricionais: Declara\u00e7\u00e3o Nutricional por 100g: Energia: KJ\/Kcal; L\u00edpidos: g; dos quais saturados: g; Hidratos de carbono: g; dos quais a\u00e7\u00facares: g; Prote\u00ednas: g; Sal: g.","og_url":"https:\/\/www.biocabaz.pt\/web\/en\/produto\/granola-vogue-bio\/","og_site_name":"CABAZES BIOL\u00d3GICOS","article_modified_time":"2022-01-13T22:46:15+00:00","og_image":[{"width":260,"height":453,"url":"https:\/\/www.biocabaz.pt\/web\/wp-conteudos\/uploads\/2018\/03\/granola_vogue.jpg","type":"image\/jpeg"}],"twitter_card":"summary_large_image","schema":{"@context":"https:\/\/schema.org","@graph":[{"@type":"WebPage","@id":"https:\/\/www.biocabaz.pt\/web\/en\/produto\/granola-vogue-bio\/","url":"https:\/\/www.biocabaz.pt\/web\/en\/produto\/granola-vogue-bio\/","name":"EATTITUDE ORGANIC GRANOLA \u0093 VOGUE\u0094 450GR N\u00c3O EXISTE","isPartOf":{"@id":"https:\/\/biocabaz.pt\/web\/#website"},"primaryImageOfPage":{"@id":"https:\/\/www.biocabaz.pt\/web\/en\/produto\/granola-vogue-bio\/#primaryimage"},"image":{"@id":"https:\/\/www.biocabaz.pt\/web\/en\/produto\/granola-vogue-bio\/#primaryimage"},"thumbnailUrl":"https:\/\/www.biocabaz.pt\/web\/wp-conteudos\/uploads\/2018\/03\/granola_vogue.jpg","datePublished":"2018-03-23T23:53:35+00:00","dateModified":"2022-01-13T22:46:15+00:00","breadcrumb":{"@id":"https:\/\/www.biocabaz.pt\/web\/en\/produto\/granola-vogue-bio\/#breadcrumb"},"inLanguage":"pt-PT","potentialAction":[{"@type":"ReadAction","target":["https:\/\/www.biocabaz.pt\/web\/en\/produto\/granola-vogue-bio\/"]}]},{"@type":"ImageObject","inLanguage":"pt-PT","@id":"https:\/\/www.biocabaz.pt\/web\/en\/produto\/granola-vogue-bio\/#primaryimage","url":"https:\/\/www.biocabaz.pt\/web\/wp-conteudos\/uploads\/2018\/03\/granola_vogue.jpg","contentUrl":"https:\/\/www.biocabaz.pt\/web\/wp-conteudos\/uploads\/2018\/03\/granola_vogue.jpg","width":260,"height":453,"caption":"granola vogue bio"},{"@type":"BreadcrumbList","@id":"https:\/\/www.biocabaz.pt\/web\/en\/produto\/granola-vogue-bio\/#breadcrumb","itemListElement":[{"@type":"ListItem","position":1,"name":"Home","item":"https:\/\/biocabaz.pt\/web\/"},{"@type":"ListItem","position":2,"name":"Loja","item":"https:\/\/biocabaz.pt\/web\/shop\/"},{"@type":"ListItem","position":3,"name":"EATTITUDE ORGANIC GRANOLA \u0093 VOGUE\u0094 450GR N\u00c3O EXISTE"}]},{"@type":"WebSite","@id":"https:\/\/biocabaz.pt\/web\/#website","url":"https:\/\/biocabaz.pt\/web\/","name":"CABAZES BIOL\u00d3GICOS","description":"One+Number","potentialAction":[{"@type":"SearchAction","target":{"@type":"EntryPoint","urlTemplate":"https:\/\/biocabaz.pt\/web\/?s={search_term_string}"},"query-input":{"@type":"PropertyValueSpecification","valueRequired":true,"valueName":"search_term_string"}}],"inLanguage":"pt-PT"}]}},"_links":{"self":[{"href":"https:\/\/www.biocabaz.pt\/web\/en\/wp-json\/wp\/v2\/product\/6191","targetHints":{"allow":["GET"]}}],"collection":[{"href":"https:\/\/www.biocabaz.pt\/web\/en\/wp-json\/wp\/v2\/product"}],"about":[{"href":"https:\/\/www.biocabaz.pt\/web\/en\/wp-json\/wp\/v2\/types\/product"}],"replies":[{"embeddable":true,"href":"https:\/\/www.biocabaz.pt\/web\/en\/wp-json\/wp\/v2\/comments?post=6191"}],"wp:featuredmedia":[{"embeddable":true,"href":"https:\/\/www.biocabaz.pt\/web\/en\/wp-json\/wp\/v2\/media\/6192"}],"wp:attachment":[{"href":"https:\/\/www.biocabaz.pt\/web\/en\/wp-json\/wp\/v2\/media?parent=6191"}],"wp:term":[{"taxonomy":"product_cat","embeddable":true,"href":"https:\/\/www.biocabaz.pt\/web\/en\/wp-json\/wp\/v2\/product_cat?post=6191"},{"taxonomy":"product_tag","embeddable":true,"href":"https:\/\/www.biocabaz.pt\/web\/en\/wp-json\/wp\/v2\/product_tag?post=6191"}],"curies":[{"name":"wp","href":"https:\/\/api.w.org\/{rel}","templated":true}]}}