{"id":2149,"date":"2016-09-10T10:07:12","date_gmt":"2016-09-10T10:07:12","guid":{"rendered":"http:\/\/www.biocabaz.com\/web\/produto\/agua-monchique-5l\/"},"modified":"2020-11-03T12:51:24","modified_gmt":"2020-11-03T12:51:24","slug":"agua-monchique-5l","status":"publish","type":"product","link":"https:\/\/www.biocabaz.pt\/web\/en\/produto\/agua-monchique-5l\/","title":{"rendered":"MONCHIQUE WATER 5L"},"content":{"rendered":"<p><strong>Description<\/strong><br \/>Alkaline water containing a pH of 9.5 and antioxidant, according to numerous studies is the most alkaline spring mineral water in the world within the limits recommended by DC 98\/83 CE. For all this, it can be considered as the fountain of youth and is ideal for athletes. With this water, you can follow the alkaline diet and increase your body&#8217;s pH in order to prevent and prevent disease.<\/p>\n<p><strong>Nutrition Facts<\/strong><br \/>Ionic composition: Sodium 105.00 mg \/ l; Potassium 2.00 mg \/ l; Calcium 1.10 mg \/ l; 0.05 mg \/ l magnesium; Lithium 0.20 mg \/ l; Bicarbonate 106.00 mg \/ l; Sulphate 59.00 mg \/ l; Chlorite 39.60 mg \/ l<br \/>\nFluorite 1,270 mg \/ l.<\/p>\n","protected":false},"excerpt":{"rendered":"<p>Ionic composition: Sodium 105.00 mg \/ l; Potassium 2.00 mg \/ l; Calcium 1.10 mg \/ l; 0.05 mg \/ l magnesium; Lithium 0.20 mg \/ l; Bicarbonate 106.00 mg \/ l; Sulphate 59.00 mg \/ l; Chlorite 39.60 mg \/ l<br \/>\nFluorite 1,270 mg \/ l.<\/p>\n","protected":false},"featured_media":55776,"comment_status":"closed","ping_status":"closed","template":"","meta":[],"product_cat":[64],"product_tag":[],"class_list":["post-2149","product","type-product","status-publish","has-post-thumbnail","hentry","product_cat-aguas"],"bundle_layout":"","bundled_by":[],"bundled_items":[],"yoast_head":"<!-- This site is optimized with the Yoast SEO plugin v26.3 - https:\/\/yoast.com\/wordpress\/plugins\/seo\/ -->\n<title>MONCHIQUE WATER 5L<\/title>\n<meta name=\"description\" content=\"\u00c1GUA MONCHIQUE 5L\" \/>\n<meta name=\"robots\" content=\"index, follow, max-snippet:-1, max-image-preview:large, max-video-preview:-1\" \/>\n<link rel=\"canonical\" href=\"https:\/\/www.biocabaz.pt\/web\/en\/produto\/agua-monchique-5l\/\" \/>\n<meta property=\"og:locale\" content=\"pt_PT\" \/>\n<meta property=\"og:locale:alternate\" content=\"pt_PT\" \/>\n<meta property=\"og:type\" content=\"article\" \/>\n<meta property=\"og:title\" content=\"MONCHIQUE WATER 5L\" \/>\n<meta property=\"og:description\" content=\"\u00c1GUA MONCHIQUE 5L\" \/>\n<meta property=\"og:url\" content=\"https:\/\/www.biocabaz.pt\/web\/en\/produto\/agua-monchique-5l\/\" \/>\n<meta property=\"og:site_name\" content=\"CABAZES BIOL\u00d3GICOS\" \/>\n<meta property=\"article:modified_time\" content=\"2020-11-03T12:51:24+00:00\" \/>\n<meta property=\"og:image\" content=\"https:\/\/www.biocabaz.pt\/web\/wp-conteudos\/uploads\/2016\/09\/conjunto-garrafas-rgb-scaled-e1604407846506.jpg\" \/>\n\t<meta property=\"og:image:width\" content=\"500\" \/>\n\t<meta property=\"og:image:height\" content=\"1017\" \/>\n\t<meta property=\"og:image:type\" content=\"image\/jpeg\" \/>\n<meta name=\"twitter:card\" content=\"summary_large_image\" \/>\n<meta name=\"twitter:label1\" content=\"Est. reading time\" \/>\n\t<meta name=\"twitter:data1\" content=\"1 minute\" \/>\n<script type=\"application\/ld+json\" class=\"yoast-schema-graph\">{\"@context\":\"https:\/\/schema.org\",\"@graph\":[{\"@type\":\"WebPage\",\"@id\":\"https:\/\/www.biocabaz.pt\/web\/produto\/agua-monchique-5l\/\",\"url\":\"https:\/\/www.biocabaz.pt\/web\/produto\/agua-monchique-5l\/\",\"name\":\"MONCHIQUE WATER 5L\",\"isPartOf\":{\"@id\":\"https:\/\/biocabaz.pt\/web\/#website\"},\"primaryImageOfPage\":{\"@id\":\"https:\/\/www.biocabaz.pt\/web\/produto\/agua-monchique-5l\/#primaryimage\"},\"image\":{\"@id\":\"https:\/\/www.biocabaz.pt\/web\/produto\/agua-monchique-5l\/#primaryimage\"},\"thumbnailUrl\":\"https:\/\/www.biocabaz.pt\/web\/wp-conteudos\/uploads\/2016\/09\/conjunto-garrafas-rgb-scaled-e1604407846506.jpg\",\"datePublished\":\"2016-09-10T10:07:12+00:00\",\"dateModified\":\"2020-11-03T12:51:24+00:00\",\"description\":\"\u00c1GUA MONCHIQUE 5L\",\"breadcrumb\":{\"@id\":\"https:\/\/www.biocabaz.pt\/web\/produto\/agua-monchique-5l\/#breadcrumb\"},\"inLanguage\":\"pt-PT\",\"potentialAction\":[{\"@type\":\"ReadAction\",\"target\":[\"https:\/\/www.biocabaz.pt\/web\/produto\/agua-monchique-5l\/\"]}]},{\"@type\":\"ImageObject\",\"inLanguage\":\"pt-PT\",\"@id\":\"https:\/\/www.biocabaz.pt\/web\/produto\/agua-monchique-5l\/#primaryimage\",\"url\":\"https:\/\/www.biocabaz.pt\/web\/wp-conteudos\/uploads\/2016\/09\/conjunto-garrafas-rgb-scaled-e1604407846506.jpg\",\"contentUrl\":\"https:\/\/www.biocabaz.pt\/web\/wp-conteudos\/uploads\/2016\/09\/conjunto-garrafas-rgb-scaled-e1604407846506.jpg\",\"width\":500,\"height\":1017,\"caption\":\"agua monchique 5l\"},{\"@type\":\"BreadcrumbList\",\"@id\":\"https:\/\/www.biocabaz.pt\/web\/produto\/agua-monchique-5l\/#breadcrumb\",\"itemListElement\":[{\"@type\":\"ListItem\",\"position\":1,\"name\":\"Home\",\"item\":\"https:\/\/biocabaz.pt\/web\/\"},{\"@type\":\"ListItem\",\"position\":2,\"name\":\"Loja\",\"item\":\"https:\/\/biocabaz.pt\/web\/shop\/\"},{\"@type\":\"ListItem\",\"position\":3,\"name\":\"\u00c1GUA MONCHIQUE 5L (LIMITE DE 2 UNIDADES POR ENCOMENDA)\"}]},{\"@type\":\"WebSite\",\"@id\":\"https:\/\/biocabaz.pt\/web\/#website\",\"url\":\"https:\/\/biocabaz.pt\/web\/\",\"name\":\"CABAZES BIOL\u00d3GICOS\",\"description\":\"One+Number\",\"potentialAction\":[{\"@type\":\"SearchAction\",\"target\":{\"@type\":\"EntryPoint\",\"urlTemplate\":\"https:\/\/biocabaz.pt\/web\/?s={search_term_string}\"},\"query-input\":{\"@type\":\"PropertyValueSpecification\",\"valueRequired\":true,\"valueName\":\"search_term_string\"}}],\"inLanguage\":\"pt-PT\"}]}<\/script>\n<!-- \/ Yoast SEO plugin. -->","yoast_head_json":{"title":"MONCHIQUE WATER 5L","description":"\u00c1GUA MONCHIQUE 5L","robots":{"index":"index","follow":"follow","max-snippet":"max-snippet:-1","max-image-preview":"max-image-preview:large","max-video-preview":"max-video-preview:-1"},"canonical":"https:\/\/www.biocabaz.pt\/web\/en\/produto\/agua-monchique-5l\/","og_locale":"pt_PT","og_type":"article","og_title":"[:en]MONCHIQUE WATER 5L[:pt]\u00c1GUA MONCHIQUE 5L (LIMITE DE 2 UNIDADES POR ENCOMENDA)[:] - CABAZES BIOL\u00d3GICOS","og_description":"\u00c1GUA MONCHIQUE 5L","og_url":"https:\/\/www.biocabaz.pt\/web\/en\/produto\/agua-monchique-5l\/","og_site_name":"CABAZES BIOL\u00d3GICOS","article_modified_time":"2020-11-03T12:51:24+00:00","og_image":[{"width":500,"height":1017,"url":"https:\/\/www.biocabaz.pt\/web\/wp-conteudos\/uploads\/2016\/09\/conjunto-garrafas-rgb-scaled-e1604407846506.jpg","type":"image\/jpeg"}],"twitter_card":"summary_large_image","twitter_misc":{"Est. reading time":"1 minute"},"schema":{"@context":"https:\/\/schema.org","@graph":[{"@type":"WebPage","@id":"https:\/\/www.biocabaz.pt\/web\/produto\/agua-monchique-5l\/","url":"https:\/\/www.biocabaz.pt\/web\/produto\/agua-monchique-5l\/","name":"MONCHIQUE WATER 5L","isPartOf":{"@id":"https:\/\/biocabaz.pt\/web\/#website"},"primaryImageOfPage":{"@id":"https:\/\/www.biocabaz.pt\/web\/produto\/agua-monchique-5l\/#primaryimage"},"image":{"@id":"https:\/\/www.biocabaz.pt\/web\/produto\/agua-monchique-5l\/#primaryimage"},"thumbnailUrl":"https:\/\/www.biocabaz.pt\/web\/wp-conteudos\/uploads\/2016\/09\/conjunto-garrafas-rgb-scaled-e1604407846506.jpg","datePublished":"2016-09-10T10:07:12+00:00","dateModified":"2020-11-03T12:51:24+00:00","description":"\u00c1GUA MONCHIQUE 5L","breadcrumb":{"@id":"https:\/\/www.biocabaz.pt\/web\/produto\/agua-monchique-5l\/#breadcrumb"},"inLanguage":"pt-PT","potentialAction":[{"@type":"ReadAction","target":["https:\/\/www.biocabaz.pt\/web\/produto\/agua-monchique-5l\/"]}]},{"@type":"ImageObject","inLanguage":"pt-PT","@id":"https:\/\/www.biocabaz.pt\/web\/produto\/agua-monchique-5l\/#primaryimage","url":"https:\/\/www.biocabaz.pt\/web\/wp-conteudos\/uploads\/2016\/09\/conjunto-garrafas-rgb-scaled-e1604407846506.jpg","contentUrl":"https:\/\/www.biocabaz.pt\/web\/wp-conteudos\/uploads\/2016\/09\/conjunto-garrafas-rgb-scaled-e1604407846506.jpg","width":500,"height":1017,"caption":"agua monchique 5l"},{"@type":"BreadcrumbList","@id":"https:\/\/www.biocabaz.pt\/web\/produto\/agua-monchique-5l\/#breadcrumb","itemListElement":[{"@type":"ListItem","position":1,"name":"Home","item":"https:\/\/biocabaz.pt\/web\/"},{"@type":"ListItem","position":2,"name":"Loja","item":"https:\/\/biocabaz.pt\/web\/shop\/"},{"@type":"ListItem","position":3,"name":"\u00c1GUA MONCHIQUE 5L (LIMITE DE 2 UNIDADES POR ENCOMENDA)"}]},{"@type":"WebSite","@id":"https:\/\/biocabaz.pt\/web\/#website","url":"https:\/\/biocabaz.pt\/web\/","name":"CABAZES BIOL\u00d3GICOS","description":"One+Number","potentialAction":[{"@type":"SearchAction","target":{"@type":"EntryPoint","urlTemplate":"https:\/\/biocabaz.pt\/web\/?s={search_term_string}"},"query-input":{"@type":"PropertyValueSpecification","valueRequired":true,"valueName":"search_term_string"}}],"inLanguage":"pt-PT"}]}},"_links":{"self":[{"href":"https:\/\/www.biocabaz.pt\/web\/en\/wp-json\/wp\/v2\/product\/2149","targetHints":{"allow":["GET"]}}],"collection":[{"href":"https:\/\/www.biocabaz.pt\/web\/en\/wp-json\/wp\/v2\/product"}],"about":[{"href":"https:\/\/www.biocabaz.pt\/web\/en\/wp-json\/wp\/v2\/types\/product"}],"replies":[{"embeddable":true,"href":"https:\/\/www.biocabaz.pt\/web\/en\/wp-json\/wp\/v2\/comments?post=2149"}],"wp:featuredmedia":[{"embeddable":true,"href":"https:\/\/www.biocabaz.pt\/web\/en\/wp-json\/wp\/v2\/media\/55776"}],"wp:attachment":[{"href":"https:\/\/www.biocabaz.pt\/web\/en\/wp-json\/wp\/v2\/media?parent=2149"}],"wp:term":[{"taxonomy":"product_cat","embeddable":true,"href":"https:\/\/www.biocabaz.pt\/web\/en\/wp-json\/wp\/v2\/product_cat?post=2149"},{"taxonomy":"product_tag","embeddable":true,"href":"https:\/\/www.biocabaz.pt\/web\/en\/wp-json\/wp\/v2\/product_tag?post=2149"}],"curies":[{"name":"wp","href":"https:\/\/api.w.org\/{rel}","templated":true}]}}