{"id":16905,"date":"2019-04-26T21:10:48","date_gmt":"2019-04-26T21:10:48","guid":{"rendered":"https:\/\/www.biocabaz.pt\/web\/produto\/testar-as-tabelas-portugues\/"},"modified":"2019-04-27T11:56:31","modified_gmt":"2019-04-27T11:56:31","slug":"testar-as-tabelas-portugues","status":"publish","type":"product","link":"https:\/\/www.biocabaz.pt\/web\/en\/produto\/testar-as-tabelas-portugues\/","title":{"rendered":"testes  (Copy)"},"content":{"rendered":"[vc_row][vc_column][vc_column_text]<strong>Ingredientes:<\/strong>\u00a0Gr\u00e3o de bico, \u00e1gua e sal marinho<\/p>\n<p><strong>Origem:\u00a0<\/strong>Italia<\/p>\n<p><strong>Tabela Nutricional<\/strong><\/p>\n<table style=\"width: 25%;\">\n<thead>\n<tr style=\"line-height: 0.5em; background-color: #82ba41;\">\n<th colspan=\"2\"><strong style=\"font-size: 0.9em; color: white;\">Declara\u00e7\u00e3o nutricional por 100g<\/strong><\/th>\n<\/tr>\n<\/thead>\n<tbody>\n<tr style=\"line-height: 0.5em;\">\n<td style=\"background-color: white; border-bottom: 2px solid #CCCCCC; border-left: 6px solid #82ba41; border-right: 3px solid #82ba41; white-space: nowrap; font-size: 0.9em; text-align: left;\"><strong style=\"color: #4f7128;\">Energia:<\/strong><\/td>\n<td style=\"background-color: white; border-bottom: 2px solid #CCCCCC; border-right: 6px solid #82ba41; white-space: nowrap; font-size: 0.9em; text-align: left; font-weight: 600;\">664 Kj\/158Kcal<\/td>\n<\/tr>\n<tr style=\"line-height: 0.5em;\">\n<td style=\"background-color: white; border-bottom: 2px solid #CCCCCC; border-left: 6px solid #82ba41; border-right: 3px solid #82ba41; white-space: nowrap; font-size: 0.9em; text-align: left;\"><strong style=\"color: #4f7128;\">L\u00edpidos:<\/strong><\/td>\n<td style=\"background-color: white; border-bottom: 2px solid #CCCCCC; border-right: 6px solid #82ba41; white-space: nowrap; font-size: 0.9em; text-align: left; font-weight: 600;\">4,9 grs<\/td>\n<\/tr>\n<tr style=\"line-height: 0.5em;\">\n<td style=\"background-color: white; border-bottom: 2px solid #CCCCCC; border-left: 6px solid #82ba41; border-right: 3px solid #82ba41; white-space: nowrap; font-size: 0.9em; text-align: left;\"><strong style=\"color: #4f7128;\">Dos quais saturados:<\/strong><\/td>\n<td style=\"background-color: white; border-bottom: 2px solid #CCCCCC; border-right: 6px solid #82ba41; white-space: nowrap; font-size: 0.9em; text-align: left; font-weight: 600;\">4,9 grs<\/td>\n<\/tr>\n<tr style=\"line-height: 0.5em;\">\n<td style=\"background-color: white; border-bottom: 2px solid #CCCCCC; border-left: 6px solid #82ba41; border-right: 3px solid #82ba41; white-space: nowrap; font-size: 0.9em; text-align: left;\"><strong style=\"color: #4f7128;\">Hidratos de Carbono:<\/strong><\/td>\n<td style=\"background-color: white; border-bottom: 2px solid #CCCCCC; border-right: 6px solid #82ba41; white-space: nowrap; font-size: 0.9em; text-align: left; font-weight: 600;\">4,9 grs<\/td>\n<\/tr>\n<tr style=\"line-height: 0.5em;\">\n<td style=\"background-color: white; border-bottom: 2px solid #CCCCCC; border-left: 6px solid #82ba41; border-right: 3px solid #82ba41; white-space: nowrap; font-size: 0.9em; text-align: left;\"><strong style=\"color: #4f7128;\">Dos quais a\u00e7\u00facares:<\/strong><\/td>\n<td style=\"background-color: white; border-bottom: 2px solid #CCCCCC; border-right: 6px solid #82ba41; white-space: nowrap; font-size: 0.9em; text-align: left; font-weight: 600;\">< 1 grs<\/td>\n<\/tr>\n<tr style=\"line-height: 0.5em;\">\n<td style=\"background-color: white; border-bottom: 2px solid #CCCCCC; border-left: 6px solid #82ba41; border-right: 3px solid #82ba41; white-space: nowrap; font-size: 0.9em; text-align: left;\"><strong style=\"color: #4f7128;\">Fibra<\/strong><\/td>\n<td style=\"background-color: white; border-bottom: 2px solid #CCCCCC; border-right: 6px solid #82ba41; white-space: nowrap; font-size: 0.9em; text-align: left; font-weight: 600;\">< 0,5grs<\/td>\n<\/tr>\n<tr style=\"line-height: 0.5em;\">\n<td style=\"background-color: white; border-bottom: 2px solid #CCCCCC; border-left: 6px solid #82ba41; border-right: 3px solid #82ba41; white-space: nowrap; font-size: 0.9em; text-align: left;\"><strong style=\"color: #4f7128;\">Prote\u00ednas<\/strong><\/td>\n<td style=\"background-color: white; border-bottom: 2px solid #CCCCCC; border-right: 6px solid #82ba41; white-space: nowrap; font-size: 0.9em; text-align: left; font-weight: 600;\">28,4 grs<\/td>\n<\/tr>\n<tr style=\"line-height: 0.5em; border-bottom: 3px solid #82ba41;\">\n<td style=\"background-color: white; border-left: 6px solid #82ba41; border-right: 3px solid #82ba41; white-space: nowrap; font-size: 0.9em; text-align: left;\"><strong style=\"color: #4f7128;\">Sal<\/strong><\/td>\n<td style=\"background-color: white; border-right: 6px solid #82ba41; white-space: nowrap; font-size: 0.9em; text-align: left; font-weight: 600;\">1,5 grs<\/td>\n<\/tr>\n<\/tbody>\n<\/table>\n[\/vc_column_text][\/vc_column][\/vc_row]\n","protected":false},"excerpt":{"rendered":"<p>[vc_row][vc_column][vc_column_text]Ingredientes:\u00a0Gr\u00e3o de bico, \u00e1gua e sal marinho Origem:\u00a0Italia Tabela Nutricional Declara\u00e7\u00e3o nutricional por 100g Energia: 664 Kj\/158Kcal L\u00edpidos: 4,9 grs Dos quais saturados: 4,9 grs Hidratos de Carbono: 4,9 grs Dos quais a\u00e7\u00facares: < 1 grs Fibra < 0,5grs Prote\u00ednas 28,4 grs Sal 1,5 grs [\/vc_column_text][\/vc_column][\/vc_row]\n<\/p>\n","protected":false},"featured_media":0,"comment_status":"closed","ping_status":"closed","template":"","meta":[],"product_cat":[75],"product_tag":[],"class_list":["post-16905","product","type-product","status-publish","hentry","product_cat-sem-categoria"],"bundle_layout":"","bundled_by":[],"bundled_items":[],"yoast_head":"<!-- This site is optimized with the Yoast SEO plugin v26.3 - https:\/\/yoast.com\/wordpress\/plugins\/seo\/ -->\n<title>testes (Copy)<\/title>\n<meta name=\"robots\" content=\"index, follow, max-snippet:-1, max-image-preview:large, max-video-preview:-1\" \/>\n<link rel=\"canonical\" href=\"https:\/\/www.biocabaz.pt\/web\/en\/produto\/testar-as-tabelas-portugues\/\" \/>\n<meta property=\"og:locale\" content=\"pt_PT\" \/>\n<meta property=\"og:locale:alternate\" content=\"pt_PT\" \/>\n<meta property=\"og:type\" content=\"article\" \/>\n<meta property=\"og:title\" content=\"testes (Copy)\" \/>\n<meta property=\"og:description\" content=\"[vc_row][vc_column][vc_column_text]Ingredientes:\u00a0Gr\u00e3o de bico, \u00e1gua e sal marinho Origem:\u00a0Italia Tabela Nutricional Declara\u00e7\u00e3o nutricional por 100g Energia: 664 Kj\/158Kcal L\u00edpidos: 4,9 grs Dos quais saturados: 4,9 grs Hidratos de Carbono: 4,9 grs Dos quais a\u00e7\u00facares: &lt; 1 grs Fibra &lt; 0,5grs Prote\u00ednas 28,4 grs Sal 1,5 grs [\/vc_column_text][\/vc_column][\/vc_row]\" \/>\n<meta property=\"og:url\" content=\"https:\/\/www.biocabaz.pt\/web\/en\/produto\/testar-as-tabelas-portugues\/\" \/>\n<meta property=\"og:site_name\" content=\"CABAZES BIOL\u00d3GICOS\" \/>\n<meta property=\"article:modified_time\" content=\"2019-04-27T11:56:31+00:00\" \/>\n<meta name=\"twitter:card\" content=\"summary_large_image\" \/>\n<script type=\"application\/ld+json\" class=\"yoast-schema-graph\">{\"@context\":\"https:\/\/schema.org\",\"@graph\":[{\"@type\":\"WebPage\",\"@id\":\"https:\/\/www.biocabaz.pt\/web\/en\/produto\/testar-as-tabelas-portugues\/\",\"url\":\"https:\/\/www.biocabaz.pt\/web\/en\/produto\/testar-as-tabelas-portugues\/\",\"name\":\"testes (Copy)\",\"isPartOf\":{\"@id\":\"https:\/\/biocabaz.pt\/web\/#website\"},\"datePublished\":\"2019-04-26T21:10:48+00:00\",\"dateModified\":\"2019-04-27T11:56:31+00:00\",\"breadcrumb\":{\"@id\":\"https:\/\/www.biocabaz.pt\/web\/en\/produto\/testar-as-tabelas-portugues\/#breadcrumb\"},\"inLanguage\":\"pt-PT\",\"potentialAction\":[{\"@type\":\"ReadAction\",\"target\":[\"https:\/\/www.biocabaz.pt\/web\/en\/produto\/testar-as-tabelas-portugues\/\"]}]},{\"@type\":\"BreadcrumbList\",\"@id\":\"https:\/\/www.biocabaz.pt\/web\/en\/produto\/testar-as-tabelas-portugues\/#breadcrumb\",\"itemListElement\":[{\"@type\":\"ListItem\",\"position\":1,\"name\":\"Home\",\"item\":\"https:\/\/biocabaz.pt\/web\/\"},{\"@type\":\"ListItem\",\"position\":2,\"name\":\"Loja\",\"item\":\"https:\/\/biocabaz.pt\/web\/shop\/\"},{\"@type\":\"ListItem\",\"position\":3,\"name\":\"testes (Copy)\"}]},{\"@type\":\"WebSite\",\"@id\":\"https:\/\/biocabaz.pt\/web\/#website\",\"url\":\"https:\/\/biocabaz.pt\/web\/\",\"name\":\"CABAZES BIOL\u00d3GICOS\",\"description\":\"One+Number\",\"potentialAction\":[{\"@type\":\"SearchAction\",\"target\":{\"@type\":\"EntryPoint\",\"urlTemplate\":\"https:\/\/biocabaz.pt\/web\/?s={search_term_string}\"},\"query-input\":{\"@type\":\"PropertyValueSpecification\",\"valueRequired\":true,\"valueName\":\"search_term_string\"}}],\"inLanguage\":\"pt-PT\"}]}<\/script>\n<!-- \/ Yoast SEO plugin. -->","yoast_head_json":{"title":"testes (Copy)","robots":{"index":"index","follow":"follow","max-snippet":"max-snippet:-1","max-image-preview":"max-image-preview:large","max-video-preview":"max-video-preview:-1"},"canonical":"https:\/\/www.biocabaz.pt\/web\/en\/produto\/testar-as-tabelas-portugues\/","og_locale":"pt_PT","og_type":"article","og_title":"[:pt]testar as tabelas Portugu\u00eas[:en]testes (Copy)[:] - CABAZES BIOL\u00d3GICOS","og_description":"[vc_row][vc_column][vc_column_text]Ingredientes:\u00a0Gr\u00e3o de bico, \u00e1gua e sal marinho Origem:\u00a0Italia Tabela Nutricional Declara\u00e7\u00e3o nutricional por 100g Energia: 664 Kj\/158Kcal L\u00edpidos: 4,9 grs Dos quais saturados: 4,9 grs Hidratos de Carbono: 4,9 grs Dos quais a\u00e7\u00facares: < 1 grs Fibra < 0,5grs Prote\u00ednas 28,4 grs Sal 1,5 grs [\/vc_column_text][\/vc_column][\/vc_row]","og_url":"https:\/\/www.biocabaz.pt\/web\/en\/produto\/testar-as-tabelas-portugues\/","og_site_name":"CABAZES BIOL\u00d3GICOS","article_modified_time":"2019-04-27T11:56:31+00:00","twitter_card":"summary_large_image","schema":{"@context":"https:\/\/schema.org","@graph":[{"@type":"WebPage","@id":"https:\/\/www.biocabaz.pt\/web\/en\/produto\/testar-as-tabelas-portugues\/","url":"https:\/\/www.biocabaz.pt\/web\/en\/produto\/testar-as-tabelas-portugues\/","name":"testes (Copy)","isPartOf":{"@id":"https:\/\/biocabaz.pt\/web\/#website"},"datePublished":"2019-04-26T21:10:48+00:00","dateModified":"2019-04-27T11:56:31+00:00","breadcrumb":{"@id":"https:\/\/www.biocabaz.pt\/web\/en\/produto\/testar-as-tabelas-portugues\/#breadcrumb"},"inLanguage":"pt-PT","potentialAction":[{"@type":"ReadAction","target":["https:\/\/www.biocabaz.pt\/web\/en\/produto\/testar-as-tabelas-portugues\/"]}]},{"@type":"BreadcrumbList","@id":"https:\/\/www.biocabaz.pt\/web\/en\/produto\/testar-as-tabelas-portugues\/#breadcrumb","itemListElement":[{"@type":"ListItem","position":1,"name":"Home","item":"https:\/\/biocabaz.pt\/web\/"},{"@type":"ListItem","position":2,"name":"Loja","item":"https:\/\/biocabaz.pt\/web\/shop\/"},{"@type":"ListItem","position":3,"name":"testes (Copy)"}]},{"@type":"WebSite","@id":"https:\/\/biocabaz.pt\/web\/#website","url":"https:\/\/biocabaz.pt\/web\/","name":"CABAZES BIOL\u00d3GICOS","description":"One+Number","potentialAction":[{"@type":"SearchAction","target":{"@type":"EntryPoint","urlTemplate":"https:\/\/biocabaz.pt\/web\/?s={search_term_string}"},"query-input":{"@type":"PropertyValueSpecification","valueRequired":true,"valueName":"search_term_string"}}],"inLanguage":"pt-PT"}]}},"_links":{"self":[{"href":"https:\/\/www.biocabaz.pt\/web\/en\/wp-json\/wp\/v2\/product\/16905","targetHints":{"allow":["GET"]}}],"collection":[{"href":"https:\/\/www.biocabaz.pt\/web\/en\/wp-json\/wp\/v2\/product"}],"about":[{"href":"https:\/\/www.biocabaz.pt\/web\/en\/wp-json\/wp\/v2\/types\/product"}],"replies":[{"embeddable":true,"href":"https:\/\/www.biocabaz.pt\/web\/en\/wp-json\/wp\/v2\/comments?post=16905"}],"wp:attachment":[{"href":"https:\/\/www.biocabaz.pt\/web\/en\/wp-json\/wp\/v2\/media?parent=16905"}],"wp:term":[{"taxonomy":"product_cat","embeddable":true,"href":"https:\/\/www.biocabaz.pt\/web\/en\/wp-json\/wp\/v2\/product_cat?post=16905"},{"taxonomy":"product_tag","embeddable":true,"href":"https:\/\/www.biocabaz.pt\/web\/en\/wp-json\/wp\/v2\/product_tag?post=16905"}],"curies":[{"name":"wp","href":"https:\/\/api.w.org\/{rel}","templated":true}]}}