{"id":16865,"date":"2019-04-26T12:40:06","date_gmt":"2019-04-26T12:40:06","guid":{"rendered":"https:\/\/www.biocabaz.pt\/web\/?post_type=product&#038;p=16865"},"modified":"2022-03-11T11:47:33","modified_gmt":"2022-03-11T11:47:33","slug":"quinoa-vermelha-bio-500g-provida","status":"publish","type":"product","link":"https:\/\/www.biocabaz.pt\/web\/en\/produto\/quinoa-vermelha-bio-500g-provida\/","title":{"rendered":"PR\u00d3VIDA ORGANIC RED QUINOA 500GR"},"content":{"rendered":"<p><strong>Description<\/strong><br \/>Ingredients: Organic red quinoa. Ancient product, grown in the Andes, has a high nutritional value. The red grain allows to diversify the appearance of the dishes, printing a new color to the recipes and maintaining the texture and flavor already known.<\/p>\n<p><strong>Nutrition Facts<\/strong><br \/><strong>Nutritional Information per 100g\/ml<\/strong>: Energy: 377Kcal \/ 1593Kj; Proteins: 14g; Carbohydrates: 66g; Lipids: 6.3g; Dietary fibers: 6g; Iron: 28mg (77.8% RDI *); Zinc: 21mg (50% RDI *); Magnesium: 189mg (68% RDI *); Thiamine (B1): 0.43mg (42.8% RDI. *); Calcium: 440mg (55% RDI *).<\/p>\n<p><strong>Use Mode<\/strong><br \/>Cook with double the water for 20 minutes, over low heat, after boiling, season to taste. You can add a stew with peas, carrots or another type of vegetables. After cold it also serves as a base for great salads. Store in a cool, dry place.<\/p>\n","protected":false},"excerpt":{"rendered":"<p><strong>Nutritional Information per 100g\/ml<\/strong>: Energy: 377Kcal \/ 1593Kj; Proteins: 14g; Carbohydrates: 66g; Lipids: 6.3g; Dietary fibers: 6g; Iron: 28mg (77.8% RDI *); Zinc: 21mg (50% RDI *); Magnesium: 189mg (68% RDI *); Thiamine (B1): 0.43mg (42.8% RDI. *); Calcium: 440mg (55% RDI *).<\/p>\n","protected":false},"featured_media":16866,"comment_status":"closed","ping_status":"closed","template":"","meta":[],"product_cat":[25],"product_tag":[],"class_list":["post-16865","product","type-product","status-publish","has-post-thumbnail","hentry","product_cat-leguminosas"],"bundle_layout":"","bundled_by":[],"bundled_items":[],"yoast_head":"<!-- This site is optimized with the Yoast SEO plugin v26.3 - https:\/\/yoast.com\/wordpress\/plugins\/seo\/ -->\n<title>PR\u00d3VIDA ORGANIC RED QUINOA 500GR<\/title>\n<meta name=\"robots\" content=\"index, follow, max-snippet:-1, max-image-preview:large, max-video-preview:-1\" \/>\n<link rel=\"canonical\" href=\"https:\/\/biocabaz.pt\/web\/produto\/quinoa-vermelha-bio-500g-provida\/\" \/>\n<meta property=\"og:locale\" content=\"pt_PT\" \/>\n<meta property=\"og:locale:alternate\" content=\"pt_PT\" \/>\n<meta property=\"og:type\" content=\"article\" \/>\n<meta property=\"og:title\" content=\"PR\u00d3VIDA ORGANIC RED QUINOA 500GR\" \/>\n<meta property=\"og:description\" content=\"Nutritional Information per 100g\/ml: Energy: 377Kcal \/ 1593Kj; Proteins: 14g; Carbohydrates: 66g; Lipids: 6.3g; Dietary fibers: 6g; Iron: 28mg (77.8% RDI *); Zinc: 21mg (50% RDI *); Magnesium: 189mg (68% RDI *); Thiamine (B1): 0.43mg (42.8% RDI. *); Calcium: 440mg (55% RDI *).\" \/>\n<meta property=\"og:url\" content=\"https:\/\/www.biocabaz.pt\/web\/en\/produto\/quinoa-vermelha-bio-500g-provida\/\" \/>\n<meta property=\"og:site_name\" content=\"CABAZES BIOL\u00d3GICOS\" \/>\n<meta property=\"article:modified_time\" content=\"2022-03-11T11:47:33+00:00\" \/>\n<meta property=\"og:image\" content=\"https:\/\/www.biocabaz.pt\/web\/wp-conteudos\/uploads\/2019\/04\/QUINOA-VERMELHA-BIO-500G-PR\u00d3VIDA.jpg\" \/>\n\t<meta property=\"og:image:width\" content=\"300\" \/>\n\t<meta property=\"og:image:height\" content=\"326\" \/>\n\t<meta property=\"og:image:type\" content=\"image\/jpeg\" \/>\n<meta name=\"twitter:card\" content=\"summary_large_image\" \/>\n<meta name=\"twitter:label1\" content=\"Est. reading time\" \/>\n\t<meta name=\"twitter:data1\" content=\"1 minute\" \/>\n<script type=\"application\/ld+json\" class=\"yoast-schema-graph\">{\"@context\":\"https:\/\/schema.org\",\"@graph\":[{\"@type\":\"WebPage\",\"@id\":\"https:\/\/biocabaz.pt\/web\/produto\/quinoa-vermelha-bio-500g-provida\/\",\"url\":\"https:\/\/biocabaz.pt\/web\/produto\/quinoa-vermelha-bio-500g-provida\/\",\"name\":\"PR\u00d3VIDA ORGANIC RED QUINOA 500GR\",\"isPartOf\":{\"@id\":\"https:\/\/www.biocabaz.pt\/web\/#website\"},\"primaryImageOfPage\":{\"@id\":\"https:\/\/biocabaz.pt\/web\/produto\/quinoa-vermelha-bio-500g-provida\/#primaryimage\"},\"image\":{\"@id\":\"https:\/\/biocabaz.pt\/web\/produto\/quinoa-vermelha-bio-500g-provida\/#primaryimage\"},\"thumbnailUrl\":\"https:\/\/www.biocabaz.pt\/web\/wp-conteudos\/uploads\/2019\/04\/QUINOA-VERMELHA-BIO-500G-PR\u00d3VIDA.jpg\",\"datePublished\":\"2019-04-26T12:40:06+00:00\",\"dateModified\":\"2022-03-11T11:47:33+00:00\",\"breadcrumb\":{\"@id\":\"https:\/\/biocabaz.pt\/web\/produto\/quinoa-vermelha-bio-500g-provida\/#breadcrumb\"},\"inLanguage\":\"pt-PT\",\"potentialAction\":[{\"@type\":\"ReadAction\",\"target\":[\"https:\/\/biocabaz.pt\/web\/produto\/quinoa-vermelha-bio-500g-provida\/\"]}]},{\"@type\":\"ImageObject\",\"inLanguage\":\"pt-PT\",\"@id\":\"https:\/\/biocabaz.pt\/web\/produto\/quinoa-vermelha-bio-500g-provida\/#primaryimage\",\"url\":\"https:\/\/www.biocabaz.pt\/web\/wp-conteudos\/uploads\/2019\/04\/QUINOA-VERMELHA-BIO-500G-PR\u00d3VIDA.jpg\",\"contentUrl\":\"https:\/\/www.biocabaz.pt\/web\/wp-conteudos\/uploads\/2019\/04\/QUINOA-VERMELHA-BIO-500G-PR\u00d3VIDA.jpg\",\"width\":300,\"height\":326,\"caption\":\"QUINOA VERMELHA BIO 500G PR\u00d3VIDA\"},{\"@type\":\"BreadcrumbList\",\"@id\":\"https:\/\/biocabaz.pt\/web\/produto\/quinoa-vermelha-bio-500g-provida\/#breadcrumb\",\"itemListElement\":[{\"@type\":\"ListItem\",\"position\":1,\"name\":\"Home\",\"item\":\"https:\/\/www.biocabaz.pt\/web\/\"},{\"@type\":\"ListItem\",\"position\":2,\"name\":\"Shop\",\"item\":\"https:\/\/www.biocabaz.pt\/web\/en\/shop\/\"},{\"@type\":\"ListItem\",\"position\":3,\"name\":\"QUINOA VERMELHA BIO 500G PR\u00d3VIDA\"}]},{\"@type\":\"WebSite\",\"@id\":\"https:\/\/www.biocabaz.pt\/web\/#website\",\"url\":\"https:\/\/www.biocabaz.pt\/web\/\",\"name\":\"CABAZES BIOL\u00d3GICOS\",\"description\":\"One+Number\",\"potentialAction\":[{\"@type\":\"SearchAction\",\"target\":{\"@type\":\"EntryPoint\",\"urlTemplate\":\"https:\/\/www.biocabaz.pt\/web\/?s={search_term_string}\"},\"query-input\":{\"@type\":\"PropertyValueSpecification\",\"valueRequired\":true,\"valueName\":\"search_term_string\"}}],\"inLanguage\":\"pt-PT\"}]}<\/script>\n<!-- \/ Yoast SEO plugin. -->","yoast_head_json":{"title":"PR\u00d3VIDA ORGANIC RED QUINOA 500GR","robots":{"index":"index","follow":"follow","max-snippet":"max-snippet:-1","max-image-preview":"max-image-preview:large","max-video-preview":"max-video-preview:-1"},"canonical":"https:\/\/biocabaz.pt\/web\/produto\/quinoa-vermelha-bio-500g-provida\/","og_locale":"pt_PT","og_type":"article","og_title":"[:en]PR\u00d3VIDA ORGANIC RED QUINOA 500GR[:pt]QUINOA VERMELHA BIO 500G PR\u00d3VIDA[:] - CABAZES BIOL\u00d3GICOS","og_description":"Nutritional Information per 100g\/ml: Energy: 377Kcal \/ 1593Kj; Proteins: 14g; Carbohydrates: 66g; Lipids: 6.3g; Dietary fibers: 6g; Iron: 28mg (77.8% RDI *); Zinc: 21mg (50% RDI *); Magnesium: 189mg (68% RDI *); Thiamine (B1): 0.43mg (42.8% RDI. *); Calcium: 440mg (55% RDI *).","og_url":"https:\/\/www.biocabaz.pt\/web\/en\/produto\/quinoa-vermelha-bio-500g-provida\/","og_site_name":"CABAZES BIOL\u00d3GICOS","article_modified_time":"2022-03-11T11:47:33+00:00","og_image":[{"width":300,"height":326,"url":"https:\/\/www.biocabaz.pt\/web\/wp-conteudos\/uploads\/2019\/04\/QUINOA-VERMELHA-BIO-500G-PR\u00d3VIDA.jpg","type":"image\/jpeg"}],"twitter_card":"summary_large_image","twitter_misc":{"Est. reading time":"1 minute"},"schema":{"@context":"https:\/\/schema.org","@graph":[{"@type":"WebPage","@id":"https:\/\/biocabaz.pt\/web\/produto\/quinoa-vermelha-bio-500g-provida\/","url":"https:\/\/biocabaz.pt\/web\/produto\/quinoa-vermelha-bio-500g-provida\/","name":"PR\u00d3VIDA ORGANIC RED QUINOA 500GR","isPartOf":{"@id":"https:\/\/www.biocabaz.pt\/web\/#website"},"primaryImageOfPage":{"@id":"https:\/\/biocabaz.pt\/web\/produto\/quinoa-vermelha-bio-500g-provida\/#primaryimage"},"image":{"@id":"https:\/\/biocabaz.pt\/web\/produto\/quinoa-vermelha-bio-500g-provida\/#primaryimage"},"thumbnailUrl":"https:\/\/www.biocabaz.pt\/web\/wp-conteudos\/uploads\/2019\/04\/QUINOA-VERMELHA-BIO-500G-PR\u00d3VIDA.jpg","datePublished":"2019-04-26T12:40:06+00:00","dateModified":"2022-03-11T11:47:33+00:00","breadcrumb":{"@id":"https:\/\/biocabaz.pt\/web\/produto\/quinoa-vermelha-bio-500g-provida\/#breadcrumb"},"inLanguage":"pt-PT","potentialAction":[{"@type":"ReadAction","target":["https:\/\/biocabaz.pt\/web\/produto\/quinoa-vermelha-bio-500g-provida\/"]}]},{"@type":"ImageObject","inLanguage":"pt-PT","@id":"https:\/\/biocabaz.pt\/web\/produto\/quinoa-vermelha-bio-500g-provida\/#primaryimage","url":"https:\/\/www.biocabaz.pt\/web\/wp-conteudos\/uploads\/2019\/04\/QUINOA-VERMELHA-BIO-500G-PR\u00d3VIDA.jpg","contentUrl":"https:\/\/www.biocabaz.pt\/web\/wp-conteudos\/uploads\/2019\/04\/QUINOA-VERMELHA-BIO-500G-PR\u00d3VIDA.jpg","width":300,"height":326,"caption":"QUINOA VERMELHA BIO 500G PR\u00d3VIDA"},{"@type":"BreadcrumbList","@id":"https:\/\/biocabaz.pt\/web\/produto\/quinoa-vermelha-bio-500g-provida\/#breadcrumb","itemListElement":[{"@type":"ListItem","position":1,"name":"Home","item":"https:\/\/www.biocabaz.pt\/web\/"},{"@type":"ListItem","position":2,"name":"Shop","item":"https:\/\/www.biocabaz.pt\/web\/en\/shop\/"},{"@type":"ListItem","position":3,"name":"QUINOA VERMELHA BIO 500G PR\u00d3VIDA"}]},{"@type":"WebSite","@id":"https:\/\/www.biocabaz.pt\/web\/#website","url":"https:\/\/www.biocabaz.pt\/web\/","name":"CABAZES BIOL\u00d3GICOS","description":"One+Number","potentialAction":[{"@type":"SearchAction","target":{"@type":"EntryPoint","urlTemplate":"https:\/\/www.biocabaz.pt\/web\/?s={search_term_string}"},"query-input":{"@type":"PropertyValueSpecification","valueRequired":true,"valueName":"search_term_string"}}],"inLanguage":"pt-PT"}]}},"_links":{"self":[{"href":"https:\/\/www.biocabaz.pt\/web\/en\/wp-json\/wp\/v2\/product\/16865","targetHints":{"allow":["GET"]}}],"collection":[{"href":"https:\/\/www.biocabaz.pt\/web\/en\/wp-json\/wp\/v2\/product"}],"about":[{"href":"https:\/\/www.biocabaz.pt\/web\/en\/wp-json\/wp\/v2\/types\/product"}],"replies":[{"embeddable":true,"href":"https:\/\/www.biocabaz.pt\/web\/en\/wp-json\/wp\/v2\/comments?post=16865"}],"wp:featuredmedia":[{"embeddable":true,"href":"https:\/\/www.biocabaz.pt\/web\/en\/wp-json\/wp\/v2\/media\/16866"}],"wp:attachment":[{"href":"https:\/\/www.biocabaz.pt\/web\/en\/wp-json\/wp\/v2\/media?parent=16865"}],"wp:term":[{"taxonomy":"product_cat","embeddable":true,"href":"https:\/\/www.biocabaz.pt\/web\/en\/wp-json\/wp\/v2\/product_cat?post=16865"},{"taxonomy":"product_tag","embeddable":true,"href":"https:\/\/www.biocabaz.pt\/web\/en\/wp-json\/wp\/v2\/product_tag?post=16865"}],"curies":[{"name":"wp","href":"https:\/\/api.w.org\/{rel}","templated":true}]}}