{"id":1686,"date":"2016-06-13T14:55:53","date_gmt":"2016-06-13T14:55:53","guid":{"rendered":"http:\/\/www.biocabaz.com\/web\/produto\/sumo-uva-groselha-negra-acerola-bio-20cl-vitabio-kidz\/"},"modified":"2020-10-30T12:29:33","modified_gmt":"2020-10-30T12:29:33","slug":"sumo-uva-groselha-negra-acerola-bio-20cl-vitabio-kidz","status":"publish","type":"product","link":"https:\/\/www.biocabaz.pt\/web\/en\/produto\/sumo-uva-groselha-negra-acerola-bio-20cl-vitabio-kidz\/","title":{"rendered":"SUMO UVA PRETA GROSELHA ACEROLA BIO 20CL VITABIO KID&#8217;Z"},"content":{"rendered":"<p>Ingredientes: sumo de uva preta bio, sumo de groselha bio e polpa de acerola bio.<\/p>\n","protected":false},"excerpt":{"rendered":"<p>Sumo Kid&#8217;z , \u00e9 um delicioso cockail de fruta biol\u00f3gica, f\u00e1cil de beber com palhinha. Ideal para as crian\u00e7as levarem para o lanche. Este sumo \u00e9 uma fonte natural de vitamina C gra\u00e7as \u00e0 acerola.<\/p>\n<p>100% fruta * vitamina C natural * sem a\u00e7ucares adicionados * sem conservantes<\/p>\n","protected":false},"featured_media":1688,"comment_status":"closed","ping_status":"closed","template":"","meta":[],"product_cat":[57,61],"product_tag":[],"class_list":["post-1686","product","type-product","status-publish","has-post-thumbnail","hentry","product_cat-bebes-e-criancas","product_cat-sumos-snacks"],"bundle_layout":"","bundled_by":[],"bundled_items":[],"yoast_head":"<!-- This site is optimized with the Yoast SEO plugin v26.3 - https:\/\/yoast.com\/wordpress\/plugins\/seo\/ -->\n<title>SUMO UVA PRETA GROSELHA ACEROLA BIO 20CL VITABIO KID&#039;Z<\/title>\n<meta name=\"robots\" content=\"index, follow, max-snippet:-1, max-image-preview:large, max-video-preview:-1\" \/>\n<link rel=\"canonical\" href=\"https:\/\/www.biocabaz.pt\/web\/en\/produto\/sumo-uva-groselha-negra-acerola-bio-20cl-vitabio-kidz\/\" \/>\n<meta property=\"og:locale\" content=\"pt_PT\" \/>\n<meta property=\"og:locale:alternate\" content=\"pt_PT\" \/>\n<meta property=\"og:type\" content=\"article\" \/>\n<meta property=\"og:title\" content=\"SUMO UVA PRETA GROSELHA ACEROLA BIO 20CL VITABIO KID&#039;Z\" \/>\n<meta property=\"og:description\" content=\"Sumo Kid&#039;z , \u00e9 um delicioso cockail de fruta biol\u00f3gica, f\u00e1cil de beber com palhinha. Ideal para as crian\u00e7as levarem para o lanche. Este sumo \u00e9 uma fonte natural de vitamina C gra\u00e7as \u00e0 acerola.  100% fruta * vitamina C natural * sem a\u00e7ucares adicionados * sem conservantes\" \/>\n<meta property=\"og:url\" content=\"https:\/\/www.biocabaz.pt\/web\/en\/produto\/sumo-uva-groselha-negra-acerola-bio-20cl-vitabio-kidz\/\" \/>\n<meta property=\"og:site_name\" content=\"CABAZES BIOL\u00d3GICOS\" \/>\n<meta property=\"article:modified_time\" content=\"2020-10-30T12:29:33+00:00\" \/>\n<meta property=\"og:image\" content=\"https:\/\/www.biocabaz.pt\/web\/wp-conteudos\/uploads\/2016\/06\/jus-fruit-kidz-raisin-cassis.png\" \/>\n\t<meta property=\"og:image:width\" content=\"470\" \/>\n\t<meta property=\"og:image:height\" content=\"470\" \/>\n\t<meta property=\"og:image:type\" content=\"image\/png\" \/>\n<meta name=\"twitter:card\" content=\"summary_large_image\" \/>\n<script type=\"application\/ld+json\" class=\"yoast-schema-graph\">{\"@context\":\"https:\/\/schema.org\",\"@graph\":[{\"@type\":\"WebPage\",\"@id\":\"https:\/\/www.biocabaz.pt\/web\/produto\/sumo-uva-groselha-negra-acerola-bio-20cl-vitabio-kidz\/\",\"url\":\"https:\/\/www.biocabaz.pt\/web\/produto\/sumo-uva-groselha-negra-acerola-bio-20cl-vitabio-kidz\/\",\"name\":\"SUMO UVA PRETA GROSELHA ACEROLA BIO 20CL VITABIO KID'Z\",\"isPartOf\":{\"@id\":\"https:\/\/biocabaz.pt\/web\/#website\"},\"primaryImageOfPage\":{\"@id\":\"https:\/\/www.biocabaz.pt\/web\/produto\/sumo-uva-groselha-negra-acerola-bio-20cl-vitabio-kidz\/#primaryimage\"},\"image\":{\"@id\":\"https:\/\/www.biocabaz.pt\/web\/produto\/sumo-uva-groselha-negra-acerola-bio-20cl-vitabio-kidz\/#primaryimage\"},\"thumbnailUrl\":\"https:\/\/www.biocabaz.pt\/web\/wp-conteudos\/uploads\/2016\/06\/jus-fruit-kidz-raisin-cassis.png\",\"datePublished\":\"2016-06-13T14:55:53+00:00\",\"dateModified\":\"2020-10-30T12:29:33+00:00\",\"breadcrumb\":{\"@id\":\"https:\/\/www.biocabaz.pt\/web\/produto\/sumo-uva-groselha-negra-acerola-bio-20cl-vitabio-kidz\/#breadcrumb\"},\"inLanguage\":\"pt-PT\",\"potentialAction\":[{\"@type\":\"ReadAction\",\"target\":[\"https:\/\/www.biocabaz.pt\/web\/produto\/sumo-uva-groselha-negra-acerola-bio-20cl-vitabio-kidz\/\"]}]},{\"@type\":\"ImageObject\",\"inLanguage\":\"pt-PT\",\"@id\":\"https:\/\/www.biocabaz.pt\/web\/produto\/sumo-uva-groselha-negra-acerola-bio-20cl-vitabio-kidz\/#primaryimage\",\"url\":\"https:\/\/www.biocabaz.pt\/web\/wp-conteudos\/uploads\/2016\/06\/jus-fruit-kidz-raisin-cassis.png\",\"contentUrl\":\"https:\/\/www.biocabaz.pt\/web\/wp-conteudos\/uploads\/2016\/06\/jus-fruit-kidz-raisin-cassis.png\",\"width\":470,\"height\":470},{\"@type\":\"BreadcrumbList\",\"@id\":\"https:\/\/www.biocabaz.pt\/web\/produto\/sumo-uva-groselha-negra-acerola-bio-20cl-vitabio-kidz\/#breadcrumb\",\"itemListElement\":[{\"@type\":\"ListItem\",\"position\":1,\"name\":\"Home\",\"item\":\"https:\/\/biocabaz.pt\/web\/\"},{\"@type\":\"ListItem\",\"position\":2,\"name\":\"Loja\",\"item\":\"https:\/\/biocabaz.pt\/web\/shop\/\"},{\"@type\":\"ListItem\",\"position\":3,\"name\":\"SUMO UVA PRETA GROSELHA ACEROLA BIO 20CL VITABIO KID&#8217;Z\"}]},{\"@type\":\"WebSite\",\"@id\":\"https:\/\/biocabaz.pt\/web\/#website\",\"url\":\"https:\/\/biocabaz.pt\/web\/\",\"name\":\"CABAZES BIOL\u00d3GICOS\",\"description\":\"One+Number\",\"potentialAction\":[{\"@type\":\"SearchAction\",\"target\":{\"@type\":\"EntryPoint\",\"urlTemplate\":\"https:\/\/biocabaz.pt\/web\/?s={search_term_string}\"},\"query-input\":{\"@type\":\"PropertyValueSpecification\",\"valueRequired\":true,\"valueName\":\"search_term_string\"}}],\"inLanguage\":\"pt-PT\"}]}<\/script>\n<!-- \/ Yoast SEO plugin. -->","yoast_head_json":{"title":"SUMO UVA PRETA GROSELHA ACEROLA BIO 20CL VITABIO KID'Z","robots":{"index":"index","follow":"follow","max-snippet":"max-snippet:-1","max-image-preview":"max-image-preview:large","max-video-preview":"max-video-preview:-1"},"canonical":"https:\/\/www.biocabaz.pt\/web\/en\/produto\/sumo-uva-groselha-negra-acerola-bio-20cl-vitabio-kidz\/","og_locale":"pt_PT","og_type":"article","og_title":"[:pt]SUMO UVA PRETA GROSELHA ACEROLA BIO 20CL VITABIO KID'Z[:] - CABAZES BIOL\u00d3GICOS","og_description":"Sumo Kid'z , \u00e9 um delicioso cockail de fruta biol\u00f3gica, f\u00e1cil de beber com palhinha. Ideal para as crian\u00e7as levarem para o lanche. Este sumo \u00e9 uma fonte natural de vitamina C gra\u00e7as \u00e0 acerola.  100% fruta * vitamina C natural * sem a\u00e7ucares adicionados * sem conservantes","og_url":"https:\/\/www.biocabaz.pt\/web\/en\/produto\/sumo-uva-groselha-negra-acerola-bio-20cl-vitabio-kidz\/","og_site_name":"CABAZES BIOL\u00d3GICOS","article_modified_time":"2020-10-30T12:29:33+00:00","og_image":[{"width":470,"height":470,"url":"https:\/\/www.biocabaz.pt\/web\/wp-conteudos\/uploads\/2016\/06\/jus-fruit-kidz-raisin-cassis.png","type":"image\/png"}],"twitter_card":"summary_large_image","schema":{"@context":"https:\/\/schema.org","@graph":[{"@type":"WebPage","@id":"https:\/\/www.biocabaz.pt\/web\/produto\/sumo-uva-groselha-negra-acerola-bio-20cl-vitabio-kidz\/","url":"https:\/\/www.biocabaz.pt\/web\/produto\/sumo-uva-groselha-negra-acerola-bio-20cl-vitabio-kidz\/","name":"SUMO UVA PRETA GROSELHA ACEROLA BIO 20CL VITABIO KID'Z","isPartOf":{"@id":"https:\/\/biocabaz.pt\/web\/#website"},"primaryImageOfPage":{"@id":"https:\/\/www.biocabaz.pt\/web\/produto\/sumo-uva-groselha-negra-acerola-bio-20cl-vitabio-kidz\/#primaryimage"},"image":{"@id":"https:\/\/www.biocabaz.pt\/web\/produto\/sumo-uva-groselha-negra-acerola-bio-20cl-vitabio-kidz\/#primaryimage"},"thumbnailUrl":"https:\/\/www.biocabaz.pt\/web\/wp-conteudos\/uploads\/2016\/06\/jus-fruit-kidz-raisin-cassis.png","datePublished":"2016-06-13T14:55:53+00:00","dateModified":"2020-10-30T12:29:33+00:00","breadcrumb":{"@id":"https:\/\/www.biocabaz.pt\/web\/produto\/sumo-uva-groselha-negra-acerola-bio-20cl-vitabio-kidz\/#breadcrumb"},"inLanguage":"pt-PT","potentialAction":[{"@type":"ReadAction","target":["https:\/\/www.biocabaz.pt\/web\/produto\/sumo-uva-groselha-negra-acerola-bio-20cl-vitabio-kidz\/"]}]},{"@type":"ImageObject","inLanguage":"pt-PT","@id":"https:\/\/www.biocabaz.pt\/web\/produto\/sumo-uva-groselha-negra-acerola-bio-20cl-vitabio-kidz\/#primaryimage","url":"https:\/\/www.biocabaz.pt\/web\/wp-conteudos\/uploads\/2016\/06\/jus-fruit-kidz-raisin-cassis.png","contentUrl":"https:\/\/www.biocabaz.pt\/web\/wp-conteudos\/uploads\/2016\/06\/jus-fruit-kidz-raisin-cassis.png","width":470,"height":470},{"@type":"BreadcrumbList","@id":"https:\/\/www.biocabaz.pt\/web\/produto\/sumo-uva-groselha-negra-acerola-bio-20cl-vitabio-kidz\/#breadcrumb","itemListElement":[{"@type":"ListItem","position":1,"name":"Home","item":"https:\/\/biocabaz.pt\/web\/"},{"@type":"ListItem","position":2,"name":"Loja","item":"https:\/\/biocabaz.pt\/web\/shop\/"},{"@type":"ListItem","position":3,"name":"SUMO UVA PRETA GROSELHA ACEROLA BIO 20CL VITABIO KID&#8217;Z"}]},{"@type":"WebSite","@id":"https:\/\/biocabaz.pt\/web\/#website","url":"https:\/\/biocabaz.pt\/web\/","name":"CABAZES BIOL\u00d3GICOS","description":"One+Number","potentialAction":[{"@type":"SearchAction","target":{"@type":"EntryPoint","urlTemplate":"https:\/\/biocabaz.pt\/web\/?s={search_term_string}"},"query-input":{"@type":"PropertyValueSpecification","valueRequired":true,"valueName":"search_term_string"}}],"inLanguage":"pt-PT"}]}},"_links":{"self":[{"href":"https:\/\/www.biocabaz.pt\/web\/en\/wp-json\/wp\/v2\/product\/1686","targetHints":{"allow":["GET"]}}],"collection":[{"href":"https:\/\/www.biocabaz.pt\/web\/en\/wp-json\/wp\/v2\/product"}],"about":[{"href":"https:\/\/www.biocabaz.pt\/web\/en\/wp-json\/wp\/v2\/types\/product"}],"replies":[{"embeddable":true,"href":"https:\/\/www.biocabaz.pt\/web\/en\/wp-json\/wp\/v2\/comments?post=1686"}],"wp:featuredmedia":[{"embeddable":true,"href":"https:\/\/www.biocabaz.pt\/web\/en\/wp-json\/wp\/v2\/media\/1688"}],"wp:attachment":[{"href":"https:\/\/www.biocabaz.pt\/web\/en\/wp-json\/wp\/v2\/media?parent=1686"}],"wp:term":[{"taxonomy":"product_cat","embeddable":true,"href":"https:\/\/www.biocabaz.pt\/web\/en\/wp-json\/wp\/v2\/product_cat?post=1686"},{"taxonomy":"product_tag","embeddable":true,"href":"https:\/\/www.biocabaz.pt\/web\/en\/wp-json\/wp\/v2\/product_tag?post=1686"}],"curies":[{"name":"wp","href":"https:\/\/api.w.org\/{rel}","templated":true}]}}