{"id":11411,"date":"2018-12-28T19:31:45","date_gmt":"2018-12-28T19:31:45","guid":{"rendered":"https:\/\/www.biocabaz.pt\/web\/?post_type=product&#038;p=11411"},"modified":"2025-06-12T09:25:30","modified_gmt":"2025-06-12T09:25:30","slug":"posta-atum-em-oleo-de-coco-bio-160grs-santa-catarina","status":"publish","type":"product","link":"https:\/\/www.biocabaz.pt\/web\/en\/produto\/posta-atum-em-oleo-de-coco-bio-160grs-santa-catarina\/","title":{"rendered":"SANTA CATARINA TUNA SLICE IN ORGANIC COCONUT OIL 160GR"},"content":{"rendered":"<p><strong>Description<\/strong><br \/>Ingredients: Tuna fillet, organic coconut oil (33.5%) and salt. Tuna caught in the waters of the Atlantic with a line and hook, using a traditional and century-old fishing gear known as \u0093pole and jump\u0094 *. Then it is cooked in brine, according to the tradition of the former canners on the island of S\u00e3o Jorge. As a result, a tuna of incomparable flavor and texture. * selective method for superior fish quality and preservation of the species.<\/p>\n<p><strong>Nutrition Facts<\/strong><br \/><strong>Nutritional Information per 100g\/ml<\/strong>: Energy: 664kJ \/ 158kcal; Lipids: 4.9g &#8211; of which saturated: <0.97g; Carbohydrates: <1g - of which sugars: <0.5g; Fiber: <0.5g; Proteins: 28.4g; Salt: 1.5g.<\/p>\n<p><strong>Use Mode<\/strong><br \/>Store in a cool, dry place.<\/p>\n","protected":false},"excerpt":{"rendered":"<p><strong>Nutritional Information per 100g\/ml<\/strong>: Energy: 664kJ \/ 158kcal; Lipids: 4.9g &#8211; of which saturated: <0.97g; Carbohydrates: <1g - of which sugars: <0.5g; Fiber: <0.5g; Proteins: 28.4g; Salt: 1.5g.\n<\/p>\n","protected":false},"featured_media":11412,"comment_status":"closed","ping_status":"closed","template":"","meta":[],"product_cat":[24],"product_tag":[],"class_list":["post-11411","product","type-product","status-publish","has-post-thumbnail","hentry","product_cat-conservas"],"bundle_layout":"","bundled_by":[],"bundled_items":[],"yoast_head":"<!-- This site is optimized with the Yoast SEO plugin v26.3 - https:\/\/yoast.com\/wordpress\/plugins\/seo\/ -->\n<title>SANTA CATARINA TUNA SLICE IN ORGANIC COCONUT OIL 160GR<\/title>\n<meta name=\"description\" content=\"POSTA ATUM EM \u00d3LEO DE C\u00d4CO BIO 160GRS SANTA CATARINA\" \/>\n<meta name=\"robots\" content=\"index, follow, max-snippet:-1, max-image-preview:large, max-video-preview:-1\" \/>\n<link rel=\"canonical\" href=\"https:\/\/www.biocabaz.pt\/web\/en\/produto\/posta-atum-em-oleo-de-coco-bio-160grs-santa-catarina\/\" \/>\n<meta property=\"og:locale\" content=\"pt_PT\" \/>\n<meta property=\"og:locale:alternate\" content=\"pt_PT\" \/>\n<meta property=\"og:type\" content=\"article\" \/>\n<meta property=\"og:title\" content=\"SANTA CATARINA TUNA SLICE IN ORGANIC COCONUT OIL 160GR\" \/>\n<meta property=\"og:description\" content=\"POSTA ATUM EM \u00d3LEO DE C\u00d4CO BIO 160GRS SANTA CATARINA\" \/>\n<meta property=\"og:url\" content=\"https:\/\/www.biocabaz.pt\/web\/en\/produto\/posta-atum-em-oleo-de-coco-bio-160grs-santa-catarina\/\" \/>\n<meta property=\"og:site_name\" content=\"CABAZES BIOL\u00d3GICOS\" \/>\n<meta property=\"article:modified_time\" content=\"2025-06-12T09:25:30+00:00\" \/>\n<meta property=\"og:image\" content=\"https:\/\/www.biocabaz.pt\/web\/wp-conteudos\/uploads\/2018\/12\/POSTA-ATUM-EM-\u00d3LEO-DE-C\u00d4CO-BIO-160GRS-SANTA-CATARINA.jpg\" \/>\n\t<meta property=\"og:image:width\" content=\"600\" \/>\n\t<meta property=\"og:image:height\" content=\"600\" \/>\n\t<meta property=\"og:image:type\" content=\"image\/jpeg\" \/>\n<meta name=\"twitter:card\" content=\"summary_large_image\" \/>\n<script type=\"application\/ld+json\" class=\"yoast-schema-graph\">{\"@context\":\"https:\/\/schema.org\",\"@graph\":[{\"@type\":\"WebPage\",\"@id\":\"https:\/\/www.biocabaz.pt\/web\/en\/produto\/posta-atum-em-oleo-de-coco-bio-160grs-santa-catarina\/\",\"url\":\"https:\/\/www.biocabaz.pt\/web\/en\/produto\/posta-atum-em-oleo-de-coco-bio-160grs-santa-catarina\/\",\"name\":\"SANTA CATARINA TUNA SLICE IN ORGANIC COCONUT OIL 160GR\",\"isPartOf\":{\"@id\":\"https:\/\/biocabaz.pt\/web\/#website\"},\"primaryImageOfPage\":{\"@id\":\"https:\/\/www.biocabaz.pt\/web\/en\/produto\/posta-atum-em-oleo-de-coco-bio-160grs-santa-catarina\/#primaryimage\"},\"image\":{\"@id\":\"https:\/\/www.biocabaz.pt\/web\/en\/produto\/posta-atum-em-oleo-de-coco-bio-160grs-santa-catarina\/#primaryimage\"},\"thumbnailUrl\":\"https:\/\/www.biocabaz.pt\/web\/wp-conteudos\/uploads\/2018\/12\/POSTA-ATUM-EM-\u00d3LEO-DE-C\u00d4CO-BIO-160GRS-SANTA-CATARINA.jpg\",\"datePublished\":\"2018-12-28T19:31:45+00:00\",\"dateModified\":\"2025-06-12T09:25:30+00:00\",\"description\":\"POSTA ATUM EM \u00d3LEO DE C\u00d4CO BIO 160GRS SANTA CATARINA\",\"breadcrumb\":{\"@id\":\"https:\/\/www.biocabaz.pt\/web\/en\/produto\/posta-atum-em-oleo-de-coco-bio-160grs-santa-catarina\/#breadcrumb\"},\"inLanguage\":\"pt-PT\",\"potentialAction\":[{\"@type\":\"ReadAction\",\"target\":[\"https:\/\/www.biocabaz.pt\/web\/en\/produto\/posta-atum-em-oleo-de-coco-bio-160grs-santa-catarina\/\"]}]},{\"@type\":\"ImageObject\",\"inLanguage\":\"pt-PT\",\"@id\":\"https:\/\/www.biocabaz.pt\/web\/en\/produto\/posta-atum-em-oleo-de-coco-bio-160grs-santa-catarina\/#primaryimage\",\"url\":\"https:\/\/www.biocabaz.pt\/web\/wp-conteudos\/uploads\/2018\/12\/POSTA-ATUM-EM-\u00d3LEO-DE-C\u00d4CO-BIO-160GRS-SANTA-CATARINA.jpg\",\"contentUrl\":\"https:\/\/www.biocabaz.pt\/web\/wp-conteudos\/uploads\/2018\/12\/POSTA-ATUM-EM-\u00d3LEO-DE-C\u00d4CO-BIO-160GRS-SANTA-CATARINA.jpg\",\"width\":600,\"height\":600,\"caption\":\"POSTA ATUM EM \u00d3LEO DE C\u00d4CO BIO 160GRS SANTA CATARINA\"},{\"@type\":\"BreadcrumbList\",\"@id\":\"https:\/\/www.biocabaz.pt\/web\/en\/produto\/posta-atum-em-oleo-de-coco-bio-160grs-santa-catarina\/#breadcrumb\",\"itemListElement\":[{\"@type\":\"ListItem\",\"position\":1,\"name\":\"Home\",\"item\":\"https:\/\/biocabaz.pt\/web\/\"},{\"@type\":\"ListItem\",\"position\":2,\"name\":\"Loja\",\"item\":\"https:\/\/biocabaz.pt\/web\/shop\/\"},{\"@type\":\"ListItem\",\"position\":3,\"name\":\"SANTA CATARINA TUNA SLICE IN ORGANIC COCONUT OIL 160GR\"}]},{\"@type\":\"WebSite\",\"@id\":\"https:\/\/biocabaz.pt\/web\/#website\",\"url\":\"https:\/\/biocabaz.pt\/web\/\",\"name\":\"CABAZES BIOL\u00d3GICOS\",\"description\":\"One+Number\",\"potentialAction\":[{\"@type\":\"SearchAction\",\"target\":{\"@type\":\"EntryPoint\",\"urlTemplate\":\"https:\/\/biocabaz.pt\/web\/?s={search_term_string}\"},\"query-input\":{\"@type\":\"PropertyValueSpecification\",\"valueRequired\":true,\"valueName\":\"search_term_string\"}}],\"inLanguage\":\"pt-PT\"}]}<\/script>\n<!-- \/ Yoast SEO plugin. -->","yoast_head_json":{"title":"SANTA CATARINA TUNA SLICE IN ORGANIC COCONUT OIL 160GR","description":"POSTA ATUM EM \u00d3LEO DE C\u00d4CO BIO 160GRS SANTA CATARINA","robots":{"index":"index","follow":"follow","max-snippet":"max-snippet:-1","max-image-preview":"max-image-preview:large","max-video-preview":"max-video-preview:-1"},"canonical":"https:\/\/www.biocabaz.pt\/web\/en\/produto\/posta-atum-em-oleo-de-coco-bio-160grs-santa-catarina\/","og_locale":"pt_PT","og_type":"article","og_title":"[:en]SANTA CATARINA TUNA SLICE IN ORGANIC COCONUT OIL 160GR[:pt]POSTA ATUM EM \u00d3LEO DE C\u00d4CO BIO 160GRS SANTA CATARINA[:] - CABAZES BIOL\u00d3GICOS","og_description":"POSTA ATUM EM \u00d3LEO DE C\u00d4CO BIO 160GRS SANTA CATARINA","og_url":"https:\/\/www.biocabaz.pt\/web\/en\/produto\/posta-atum-em-oleo-de-coco-bio-160grs-santa-catarina\/","og_site_name":"CABAZES BIOL\u00d3GICOS","article_modified_time":"2025-06-12T09:25:30+00:00","og_image":[{"width":600,"height":600,"url":"https:\/\/www.biocabaz.pt\/web\/wp-conteudos\/uploads\/2018\/12\/POSTA-ATUM-EM-\u00d3LEO-DE-C\u00d4CO-BIO-160GRS-SANTA-CATARINA.jpg","type":"image\/jpeg"}],"twitter_card":"summary_large_image","schema":{"@context":"https:\/\/schema.org","@graph":[{"@type":"WebPage","@id":"https:\/\/www.biocabaz.pt\/web\/en\/produto\/posta-atum-em-oleo-de-coco-bio-160grs-santa-catarina\/","url":"https:\/\/www.biocabaz.pt\/web\/en\/produto\/posta-atum-em-oleo-de-coco-bio-160grs-santa-catarina\/","name":"SANTA CATARINA TUNA SLICE IN ORGANIC COCONUT OIL 160GR","isPartOf":{"@id":"https:\/\/biocabaz.pt\/web\/#website"},"primaryImageOfPage":{"@id":"https:\/\/www.biocabaz.pt\/web\/en\/produto\/posta-atum-em-oleo-de-coco-bio-160grs-santa-catarina\/#primaryimage"},"image":{"@id":"https:\/\/www.biocabaz.pt\/web\/en\/produto\/posta-atum-em-oleo-de-coco-bio-160grs-santa-catarina\/#primaryimage"},"thumbnailUrl":"https:\/\/www.biocabaz.pt\/web\/wp-conteudos\/uploads\/2018\/12\/POSTA-ATUM-EM-\u00d3LEO-DE-C\u00d4CO-BIO-160GRS-SANTA-CATARINA.jpg","datePublished":"2018-12-28T19:31:45+00:00","dateModified":"2025-06-12T09:25:30+00:00","description":"POSTA ATUM EM \u00d3LEO DE C\u00d4CO BIO 160GRS SANTA CATARINA","breadcrumb":{"@id":"https:\/\/www.biocabaz.pt\/web\/en\/produto\/posta-atum-em-oleo-de-coco-bio-160grs-santa-catarina\/#breadcrumb"},"inLanguage":"pt-PT","potentialAction":[{"@type":"ReadAction","target":["https:\/\/www.biocabaz.pt\/web\/en\/produto\/posta-atum-em-oleo-de-coco-bio-160grs-santa-catarina\/"]}]},{"@type":"ImageObject","inLanguage":"pt-PT","@id":"https:\/\/www.biocabaz.pt\/web\/en\/produto\/posta-atum-em-oleo-de-coco-bio-160grs-santa-catarina\/#primaryimage","url":"https:\/\/www.biocabaz.pt\/web\/wp-conteudos\/uploads\/2018\/12\/POSTA-ATUM-EM-\u00d3LEO-DE-C\u00d4CO-BIO-160GRS-SANTA-CATARINA.jpg","contentUrl":"https:\/\/www.biocabaz.pt\/web\/wp-conteudos\/uploads\/2018\/12\/POSTA-ATUM-EM-\u00d3LEO-DE-C\u00d4CO-BIO-160GRS-SANTA-CATARINA.jpg","width":600,"height":600,"caption":"POSTA ATUM EM \u00d3LEO DE C\u00d4CO BIO 160GRS SANTA CATARINA"},{"@type":"BreadcrumbList","@id":"https:\/\/www.biocabaz.pt\/web\/en\/produto\/posta-atum-em-oleo-de-coco-bio-160grs-santa-catarina\/#breadcrumb","itemListElement":[{"@type":"ListItem","position":1,"name":"Home","item":"https:\/\/biocabaz.pt\/web\/"},{"@type":"ListItem","position":2,"name":"Loja","item":"https:\/\/biocabaz.pt\/web\/shop\/"},{"@type":"ListItem","position":3,"name":"SANTA CATARINA TUNA SLICE IN ORGANIC COCONUT OIL 160GR"}]},{"@type":"WebSite","@id":"https:\/\/biocabaz.pt\/web\/#website","url":"https:\/\/biocabaz.pt\/web\/","name":"CABAZES BIOL\u00d3GICOS","description":"One+Number","potentialAction":[{"@type":"SearchAction","target":{"@type":"EntryPoint","urlTemplate":"https:\/\/biocabaz.pt\/web\/?s={search_term_string}"},"query-input":{"@type":"PropertyValueSpecification","valueRequired":true,"valueName":"search_term_string"}}],"inLanguage":"pt-PT"}]}},"_links":{"self":[{"href":"https:\/\/www.biocabaz.pt\/web\/en\/wp-json\/wp\/v2\/product\/11411","targetHints":{"allow":["GET"]}}],"collection":[{"href":"https:\/\/www.biocabaz.pt\/web\/en\/wp-json\/wp\/v2\/product"}],"about":[{"href":"https:\/\/www.biocabaz.pt\/web\/en\/wp-json\/wp\/v2\/types\/product"}],"replies":[{"embeddable":true,"href":"https:\/\/www.biocabaz.pt\/web\/en\/wp-json\/wp\/v2\/comments?post=11411"}],"wp:featuredmedia":[{"embeddable":true,"href":"https:\/\/www.biocabaz.pt\/web\/en\/wp-json\/wp\/v2\/media\/11412"}],"wp:attachment":[{"href":"https:\/\/www.biocabaz.pt\/web\/en\/wp-json\/wp\/v2\/media?parent=11411"}],"wp:term":[{"taxonomy":"product_cat","embeddable":true,"href":"https:\/\/www.biocabaz.pt\/web\/en\/wp-json\/wp\/v2\/product_cat?post=11411"},{"taxonomy":"product_tag","embeddable":true,"href":"https:\/\/www.biocabaz.pt\/web\/en\/wp-json\/wp\/v2\/product_tag?post=11411"}],"curies":[{"name":"wp","href":"https:\/\/api.w.org\/{rel}","templated":true}]}}