{"id":6868,"date":"2018-05-23T10:42:00","date_gmt":"2018-05-23T10:42:00","guid":{"rendered":"https:\/\/www.biocabaz.pt\/web\/?page_id=6868"},"modified":"2020-08-21T15:48:41","modified_gmt":"2020-08-21T15:48:41","slug":"privacidade","status":"publish","type":"page","link":"https:\/\/www.biocabaz.pt\/web\/en\/privacidade\/","title":{"rendered":"Privacy Policy"},"content":{"rendered":"[vc_row][vc_column][vc_column_text css=&#8221;.vc_custom_1598024919449{margin-bottom: 0px !important;}&#8221;]\n<p><strong>Privacy Statement<\/strong><\/p>\n<p>Your privacy is important to us. BioCabaz, Lda, hereinafter <strong> <em> BioCabaz <\/em> <\/strong> is providing this notice to describe and explain our practices for obtaining information and the choices it can make about how your information is collected and used.<\/p>\n<p>&nbsp;<\/p>\n<p><strong>The information we keep and how we keep it<\/strong><\/p>\n<p>Personal information such as your name, email, company and position are obtained only when they are voluntarily sent. Technical information, such as details about your device (Mobile, Computer, Tablet) and IP address, can be obtained due to the use of some other technologies that we use from Google or Facebook especially for retargeting and remarketing.<\/p>\n<p><strong><em>BioCabaz<\/em><\/strong>\u00a0collects this information in several ways:<\/p>\n<ul>\n<li>Through registration, surveys and other online forms;<\/li>\n<li>When providing technical support, live-chat or service information;<\/li>\n<li>Through the process of maintaining and updating our services;<\/li>\n<li>Through automated means, such as cookies;<\/li>\n<li>Through your interest in <strong><em>BioCabaz<\/em> <\/strong> services and products, placed on third party websites and \/ or partners.<\/li>\n<\/ul>\n<p>Personal data or other data collected online can also be combined with the information you provided to us through other sources, such as registration at training, events or fairs. The information you provide will be associated with the relationship <strong> <em> BioCabaz <\/em> <\/strong> has with you or your organization and will not be shared with third parties.<\/p>\n<p>&nbsp;<\/p>\n<p><strong>Marketing Permission Service Terms and Conditions<\/strong><\/p>\n<p>The data provided is the responsibility of <strong> <em> BioCabaz <\/em> <\/strong> based at Avenida de Portugal, 277, 2Dto, 2775-396 Carcavelos, with NIF 513800182.<\/p>\n<p>&nbsp;<\/p>\n<p><strong>TERMS AND CONDITIONS<\/strong><\/p>\n<p>&nbsp;<\/p>\n<p><strong>ACCESS AND USERS<\/strong><\/p>\n<p>Access to the <a href=\"http:\/\/www.biocabaz.pt\/\"> www.biocabaz.pt <\/a> <strong> <em> BioCabaz <\/em> <\/strong> website implies full acceptance and without reservation by the user of all TERMS AND CONDITIONS.<\/p>\n<p>When consulting, using or downloading the contents of the website, you are committed to respecting the conditions of use.<\/p>\n<p>&nbsp;<\/p>\n<p><strong>MODIFICATIONS<\/strong><\/p>\n<p>In order to improve the characteristics and contents of the website, <strong><em>BioCabaz<\/em> <\/strong> reserves the right to modify, expand or temporarily suspend the presentation, configuration, technical specifications, content WEBSITE, at any time, unilaterally and without prior notification to the user.<\/p>\n<p>&nbsp;<\/p>\n<p><strong>CONDITIONS OF USE<\/strong><\/p>\n<p>The user undertakes to make good use of the website&#8217;s contents and services that can never be used for illegal activities or that may be contrary to public order, or national defense.<\/p>\n<p>The user is authorized to view all the information contained in the website, provided that the contents are for their exclusive use and are not subsequently transferred to third parties.<\/p>\n<p>&nbsp;<\/p>\n<p><strong>Web server logs<\/strong><\/p>\n<p>In the administration process of this WEBSITE, we maintain and track usage through the logs of the WEB server. The WEB server logs provide information such as<\/p>\n<p>what types of browsers and users access our WEBSITE, which pages receive the most traffic and the hours of the day when our servers experience significant load. We use this information to improve the navigation features of our website. Anonymized or aggregated forms of this data can be used to identify future features and functions to be developed for the WEBSITE and to offer better customer service.<\/p>\n<p><strong>Cookies<\/strong><\/p>\n<p>&#8220;Cookies&#8221; can be used to provide personalized information for a website. A cookie is an element of data that a website can send to your browser, where it can then store it on your system. Some pages on our website use cookies to help you navigate and use the website, for example, to help you access secure areas. Other pages on the website may set cookies to store aggregated usage information that we use to improve the functioning of the website. Cookies can also be used on our website to identify certain choices you have made, such as your geographic location and others.<\/p>\n<p>We use cookies to improve the user experience so that we can receive it in an appropriate manner on a next visit.<\/p>\n<p>&nbsp;<\/p>\n<p><strong>How we use your information<\/strong><\/p>\n<p><strong> <em> BioCabaz <\/em> <\/strong> may use your personal information to:<\/p>\n<ul>\n<li>Comply with registration requests and services made online;<\/li>\n<li>Help us to personalize the content most relevant to your interests;<\/li>\n<li>Notify about important news about <strong><em>BioCabaz<\/em> <\/strong> services and products;<\/li>\n<li>Notify about new products and services, product updates, technical support issues, events and special offers that we think may be of interest to you;<\/li>\n<li>Prevent and detect fraud or other prohibited or illegal activities;<\/li>\n<li>Protect the security and integrity of the website.<\/li>\n<\/ul>\n<p>&nbsp;<\/p>\n<p><strong>INTELLECTUAL AND INDUSTRIAL PROPERTY<\/strong><\/p>\n<p>The intellectual and industrial property rights contained in the website, its graphics and computer codes, as well as the commercial names, brands and distinctive signs are the property of <strong><em>BioCabaz<\/em> <\/strong>.<\/p>\n<p>Any reproduction, distribution, commercialization or transformation of content that has not been expressly authorized by its owners, constitutes an infringement of intellectual and industrial property rights, protected by law.<\/p>\n<p>&nbsp;<\/p>\n<p><strong>LIMITATION OF LIABILITY<\/strong><\/p>\n<p><strong> <em> BioCabaz <\/em> <\/strong> does not guarantee or be liable for damages of any kind and resulting from the following circumstances:<\/p>\n<ul>\n<li>Lack of functioning of the website or incorrect functioning of the pages;<\/li>\n<li>Uselessness, inadequacy or invalidity of the services and content offered on the website, depending on the results and expectations of the user;<\/li>\n<li>Existence of viruses or programs on the user&#8217;s computer.<\/li>\n<\/ul>\n<p><strong><em>BioCabaz<\/em> <\/strong> will not be under any circumstances, including negligence, responsible for loss of business, access, benefits, data, indirect, secondary, special or consequential damages that result from accessing or using services on the website, or that are otherwise within its scope.<\/p>\n<p>&nbsp;<\/p>\n<p><strong><em>Our commitment to data security<\/em><\/strong><\/p>\n<p><strong> <em> BioCabaz <\/em> <\/strong> prevents unauthorized access or disclosure and maintains the accuracy of the data. To ensure the appropriate use of the information and to protect the information we collect online, we have implemented physical, electronic procedures. We use SSL in the domain, encryption technology when saving or transferring confidential data.<\/p>\n<p>&nbsp;<\/p>\n<p><strong>JURISDICTION AND APPLICABLE LEGISLATION<\/strong><\/p>\n<p>The conditions of access and use of this website are governed exclusively by Portuguese law.<\/p>\n<p>The <strong> <em> BioCabaz <\/em> <\/strong> and the user understand that the negotiation route is the preferred way to resolve doubts, divergences or disputes of any nature that arise about the interpretation or execution of the provisions legal or contractual conditions applicable to their relationships, including failure to comply with the obligations of the parties. However, once the negotiation route has been exhausted, the parties agree that the Lisbon District Court is competent to resolve disputes resulting from the use of this website.<\/p>\n<p>&nbsp;<\/p>\n<p><strong>How to contact us<\/strong><\/p>\n<p>If you have comments or questions about this Privacy Statement, you can send us an email to geral@biocabaz.pt.<\/p>\n<p>You can also contact us by phone, +351 967 042 192, or by mail to the following address: Avenida de Portugal 277, 2Dto, 2775-396 Carcavelos.<\/p>\n[\/vc_column_text][\/vc_column][\/vc_row]\n","protected":false},"excerpt":{"rendered":"<p>[vc_row][vc_column][vc_column_text css=&#8221;.vc_custom_1598024919449{margin-bottom: 0px !important;}&#8221;] Privacy Statement Your privacy is important to us. BioCabaz, Lda, hereinafter BioCabaz is providing this notice to describe and explain our practices for obtaining information and the choices it can make about how your information is collected and used. &nbsp; The information we keep and how we keep it Personal information [&hellip;]<\/p>\n","protected":false},"author":3,"featured_media":0,"parent":0,"menu_order":0,"comment_status":"closed","ping_status":"closed","template":"","meta":{"footnotes":""},"class_list":["post-6868","page","type-page","status-publish","hentry"],"yoast_head":"<!-- This site is optimized with the Yoast SEO plugin v26.3 - https:\/\/yoast.com\/wordpress\/plugins\/seo\/ -->\n<title>Biocabaz | Pol\u00edtica Privacidade | Pol\u00edtica de Cookies<\/title>\n<meta name=\"description\" content=\"A nossa politica de privacidade, cookies, utiliza\u00e7\u00e3o de informa\u00e7\u00e3o, termos e condi\u00e7\u00f5es, acessos a utilizadores, condi\u00e7\u00f5es de uso.\" \/>\n<meta name=\"robots\" content=\"index, follow, max-snippet:-1, max-image-preview:large, max-video-preview:-1\" \/>\n<link rel=\"canonical\" href=\"https:\/\/biocabaz.pt\/web\/en\/privacidade\/\" \/>\n<meta property=\"og:locale\" content=\"pt_PT\" \/>\n<meta property=\"og:locale:alternate\" content=\"pt_PT\" \/>\n<meta property=\"og:type\" content=\"article\" \/>\n<meta property=\"og:title\" content=\"Biocabaz | Pol\u00edtica Privacidade | Pol\u00edtica de Cookies\" \/>\n<meta property=\"og:description\" content=\"A nossa politica de privacidade, cookies, utiliza\u00e7\u00e3o de informa\u00e7\u00e3o, termos e condi\u00e7\u00f5es, acessos a utilizadores, condi\u00e7\u00f5es de uso.\" \/>\n<meta property=\"og:url\" content=\"https:\/\/www.biocabaz.pt\/web\/en\/privacidade\/\" \/>\n<meta property=\"og:site_name\" content=\"CABAZES BIOL\u00d3GICOS\" \/>\n<meta property=\"article:modified_time\" content=\"2020-08-21T15:48:41+00:00\" \/>\n<meta name=\"twitter:card\" content=\"summary_large_image\" \/>\n<meta name=\"twitter:label1\" content=\"Est. reading time\" \/>\n\t<meta name=\"twitter:data1\" content=\"12 minutes\" \/>\n<script type=\"application\/ld+json\" class=\"yoast-schema-graph\">{\"@context\":\"https:\/\/schema.org\",\"@graph\":[{\"@type\":\"WebPage\",\"@id\":\"https:\/\/biocabaz.pt\/web\/en\/privacidade\/\",\"url\":\"https:\/\/biocabaz.pt\/web\/en\/privacidade\/\",\"name\":\"Biocabaz | Pol\u00edtica Privacidade | Pol\u00edtica de Cookies\",\"isPartOf\":{\"@id\":\"https:\/\/www.biocabaz.pt\/web\/en\/#website\"},\"datePublished\":\"2018-05-23T10:42:00+00:00\",\"dateModified\":\"2020-08-21T15:48:41+00:00\",\"description\":\"A nossa politica de privacidade, cookies, utiliza\u00e7\u00e3o de informa\u00e7\u00e3o, termos e condi\u00e7\u00f5es, acessos a utilizadores, condi\u00e7\u00f5es de uso.\",\"breadcrumb\":{\"@id\":\"https:\/\/biocabaz.pt\/web\/en\/privacidade\/#breadcrumb\"},\"inLanguage\":\"pt-PT\",\"potentialAction\":[{\"@type\":\"ReadAction\",\"target\":[\"https:\/\/biocabaz.pt\/web\/en\/privacidade\/\"]}]},{\"@type\":\"BreadcrumbList\",\"@id\":\"https:\/\/biocabaz.pt\/web\/en\/privacidade\/#breadcrumb\",\"itemListElement\":[{\"@type\":\"ListItem\",\"position\":1,\"name\":\"Home\",\"item\":\"https:\/\/www.biocabaz.pt\/web\/en\/\"},{\"@type\":\"ListItem\",\"position\":2,\"name\":\"Privacy Policy\"}]},{\"@type\":\"WebSite\",\"@id\":\"https:\/\/www.biocabaz.pt\/web\/en\/#website\",\"url\":\"https:\/\/www.biocabaz.pt\/web\/en\/\",\"name\":\"CABAZES BIOL\u00d3GICOS\",\"description\":\"One+Number\",\"potentialAction\":[{\"@type\":\"SearchAction\",\"target\":{\"@type\":\"EntryPoint\",\"urlTemplate\":\"https:\/\/www.biocabaz.pt\/web\/en\/?s={search_term_string}\"},\"query-input\":{\"@type\":\"PropertyValueSpecification\",\"valueRequired\":true,\"valueName\":\"search_term_string\"}}],\"inLanguage\":\"pt-PT\"}]}<\/script>\n<!-- \/ Yoast SEO plugin. -->","yoast_head_json":{"title":"Biocabaz | Pol\u00edtica Privacidade | Pol\u00edtica de Cookies","description":"A nossa politica de privacidade, cookies, utiliza\u00e7\u00e3o de informa\u00e7\u00e3o, termos e condi\u00e7\u00f5es, acessos a utilizadores, condi\u00e7\u00f5es de uso.","robots":{"index":"index","follow":"follow","max-snippet":"max-snippet:-1","max-image-preview":"max-image-preview:large","max-video-preview":"max-video-preview:-1"},"canonical":"https:\/\/biocabaz.pt\/web\/en\/privacidade\/","og_locale":"pt_PT","og_type":"article","og_title":"Biocabaz | Pol\u00edtica Privacidade | Pol\u00edtica de Cookies","og_description":"A nossa politica de privacidade, cookies, utiliza\u00e7\u00e3o de informa\u00e7\u00e3o, termos e condi\u00e7\u00f5es, acessos a utilizadores, condi\u00e7\u00f5es de uso.","og_url":"https:\/\/www.biocabaz.pt\/web\/en\/privacidade\/","og_site_name":"CABAZES BIOL\u00d3GICOS","article_modified_time":"2020-08-21T15:48:41+00:00","twitter_card":"summary_large_image","twitter_misc":{"Est. reading time":"12 minutes"},"schema":{"@context":"https:\/\/schema.org","@graph":[{"@type":"WebPage","@id":"https:\/\/biocabaz.pt\/web\/en\/privacidade\/","url":"https:\/\/biocabaz.pt\/web\/en\/privacidade\/","name":"Biocabaz | Pol\u00edtica Privacidade | Pol\u00edtica de Cookies","isPartOf":{"@id":"https:\/\/www.biocabaz.pt\/web\/en\/#website"},"datePublished":"2018-05-23T10:42:00+00:00","dateModified":"2020-08-21T15:48:41+00:00","description":"A nossa politica de privacidade, cookies, utiliza\u00e7\u00e3o de informa\u00e7\u00e3o, termos e condi\u00e7\u00f5es, acessos a utilizadores, condi\u00e7\u00f5es de uso.","breadcrumb":{"@id":"https:\/\/biocabaz.pt\/web\/en\/privacidade\/#breadcrumb"},"inLanguage":"pt-PT","potentialAction":[{"@type":"ReadAction","target":["https:\/\/biocabaz.pt\/web\/en\/privacidade\/"]}]},{"@type":"BreadcrumbList","@id":"https:\/\/biocabaz.pt\/web\/en\/privacidade\/#breadcrumb","itemListElement":[{"@type":"ListItem","position":1,"name":"Home","item":"https:\/\/www.biocabaz.pt\/web\/en\/"},{"@type":"ListItem","position":2,"name":"Privacy Policy"}]},{"@type":"WebSite","@id":"https:\/\/www.biocabaz.pt\/web\/en\/#website","url":"https:\/\/www.biocabaz.pt\/web\/en\/","name":"CABAZES BIOL\u00d3GICOS","description":"One+Number","potentialAction":[{"@type":"SearchAction","target":{"@type":"EntryPoint","urlTemplate":"https:\/\/www.biocabaz.pt\/web\/en\/?s={search_term_string}"},"query-input":{"@type":"PropertyValueSpecification","valueRequired":true,"valueName":"search_term_string"}}],"inLanguage":"pt-PT"}]}},"_links":{"self":[{"href":"https:\/\/www.biocabaz.pt\/web\/en\/wp-json\/wp\/v2\/pages\/6868","targetHints":{"allow":["GET"]}}],"collection":[{"href":"https:\/\/www.biocabaz.pt\/web\/en\/wp-json\/wp\/v2\/pages"}],"about":[{"href":"https:\/\/www.biocabaz.pt\/web\/en\/wp-json\/wp\/v2\/types\/page"}],"author":[{"embeddable":true,"href":"https:\/\/www.biocabaz.pt\/web\/en\/wp-json\/wp\/v2\/users\/3"}],"replies":[{"embeddable":true,"href":"https:\/\/www.biocabaz.pt\/web\/en\/wp-json\/wp\/v2\/comments?post=6868"}],"version-history":[{"count":5,"href":"https:\/\/www.biocabaz.pt\/web\/en\/wp-json\/wp\/v2\/pages\/6868\/revisions"}],"predecessor-version":[{"id":51009,"href":"https:\/\/www.biocabaz.pt\/web\/en\/wp-json\/wp\/v2\/pages\/6868\/revisions\/51009"}],"wp:attachment":[{"href":"https:\/\/www.biocabaz.pt\/web\/en\/wp-json\/wp\/v2\/media?parent=6868"}],"curies":[{"name":"wp","href":"https:\/\/api.w.org\/{rel}","templated":true}]}}