{"id":17176,"date":"2019-05-02T09:18:51","date_gmt":"2019-05-02T09:18:51","guid":{"rendered":"https:\/\/www.biocabaz.pt\/web\/?page_id=17176"},"modified":"2021-01-28T17:53:45","modified_gmt":"2021-01-28T17:53:45","slug":"cabazes-da-semana-2","status":"publish","type":"page","link":"https:\/\/www.biocabaz.pt\/web\/en\/cabazes-da-semana-2\/","title":{"rendered":"Baby And Fruit Baskets"},"content":{"rendered":"[vc_row][vc_column width=&#8221;1\/2&#8243; el_class=&#8221;product_cabaz_list&#8221;]<div class=\"woocommerce\">\t\t\t<div class=\"single-product\" data-product-page-preselected-id=\"0\">\n\t\t\t\t<div id=\"product-16522\" class=\"product type-product post-16522 status-publish first instock product_cat-biocabaz-bebe product_cat-cabazes has-post-thumbnail shipping-taxable purchasable product-type-bundle\">\n\n\t\n\t<div class=\"summary entry-summary\">\n\t\t<style>.product.product_cat-carne .wc-points-rewards-product-message,.product.product_cat-herdade-freixo-do-meio .wc-points-rewards-product-message,.product.product_cat-suplementos .wc-points-rewards-product-message,.product.product_cat-vegetariano-e-vegan .wc-points-rewards-product-message,.product.product_cat-conservas-doces .wc-points-rewards-product-message,.product.product_cat-sopas .wc-points-rewards-product-message,.product.product_cat-pao-e-tostas .wc-points-rewards-product-message,.product.product_cat-carne-ovos .wc-points-rewards-product-message,.product.product_cat-herdade-freixo-do-meio .wc-points-rewards-product-message,.product.product_cat-talho-biologico .wc-points-rewards-product-message,.product.product_cat-peixaria .wc-points-rewards-product-message{ display: none; }<\/style>\t<\/div>\n\n\t<\/div>\n\n\t\t\t<\/div>\n\t\t\t<\/div>[\/vc_column][vc_column width=&#8221;1\/2&#8243; el_class=&#8221;product_cabaz_list&#8221;]<div class=\"woocommerce\">\t\t\t<div class=\"single-product\" data-product-page-preselected-id=\"0\">\n\t\t\t\t<div id=\"product-17247\" class=\"product type-product post-17247 status-publish instock product_cat-biocabaz-bebe product_cat-cabazes has-post-thumbnail shipping-taxable purchasable product-type-bundle\">\n\n\t\n\t<div class=\"summary entry-summary\">\n\t\t<style>.product.product_cat-carne .wc-points-rewards-product-message,.product.product_cat-herdade-freixo-do-meio .wc-points-rewards-product-message,.product.product_cat-suplementos .wc-points-rewards-product-message,.product.product_cat-vegetariano-e-vegan .wc-points-rewards-product-message,.product.product_cat-conservas-doces .wc-points-rewards-product-message,.product.product_cat-sopas .wc-points-rewards-product-message,.product.product_cat-pao-e-tostas .wc-points-rewards-product-message,.product.product_cat-carne-ovos .wc-points-rewards-product-message,.product.product_cat-herdade-freixo-do-meio .wc-points-rewards-product-message,.product.product_cat-talho-biologico .wc-points-rewards-product-message,.product.product_cat-peixaria .wc-points-rewards-product-message{ display: none; }<\/style>\t<\/div>\n\n\t<\/div>\n\n\t\t\t<\/div>\n\t\t\t<\/div>[\/vc_column][\/vc_row]\n","protected":false},"excerpt":{"rendered":"<p>[vc_row][vc_column width=&#8221;1\/2&#8243; el_class=&#8221;product_cabaz_list&#8221;][\/vc_column][vc_column width=&#8221;1\/2&#8243; el_class=&#8221;product_cabaz_list&#8221;][\/vc_column][\/vc_row]<\/p>\n","protected":false},"author":3,"featured_media":0,"parent":0,"menu_order":0,"comment_status":"closed","ping_status":"closed","template":"","meta":{"footnotes":""},"class_list":["post-17176","page","type-page","status-publish","hentry"],"yoast_head":"<!-- This site is optimized with the Yoast SEO plugin v26.3 - https:\/\/yoast.com\/wordpress\/plugins\/seo\/ -->\n<title>Biocabaz | Cabaz Beb\u00e9 e Fruta<\/title>\n<meta name=\"description\" content=\"{:pt}Cabaz biol\u00f3gico beb\u00e9 com legumes e frutas direcionadas para uma nutri\u00e7\u00e3o completa do seu beb\u00e9. Cabaz de frutas recheado fruta bio e bio nacional.{:}\" \/>\n<meta name=\"robots\" content=\"index, follow, max-snippet:-1, max-image-preview:large, max-video-preview:-1\" \/>\n<link rel=\"canonical\" href=\"https:\/\/www.biocabaz.pt\/web\/en\/cabazes-da-semana-2\/\" \/>\n<meta property=\"og:locale\" content=\"pt_PT\" \/>\n<meta property=\"og:locale:alternate\" content=\"pt_PT\" \/>\n<meta property=\"og:type\" content=\"article\" \/>\n<meta property=\"og:title\" content=\"Biocabaz | Cabaz Beb\u00e9 e Fruta\" \/>\n<meta property=\"og:description\" content=\"{:pt}Cabaz biol\u00f3gico beb\u00e9 com legumes e frutas direcionadas para uma nutri\u00e7\u00e3o completa do seu beb\u00e9. Cabaz de frutas recheado fruta bio e bio nacional.{:}\" \/>\n<meta property=\"og:url\" content=\"https:\/\/www.biocabaz.pt\/web\/en\/produto\/cabaz-fruta-bio\/\" \/>\n<meta property=\"og:site_name\" content=\"CABAZES BIOL\u00d3GICOS\" \/>\n<meta property=\"article:modified_time\" content=\"2021-01-28T17:53:45+00:00\" \/>\n<meta name=\"twitter:card\" content=\"summary_large_image\" \/>\n<script type=\"application\/ld+json\" class=\"yoast-schema-graph\">{\"@context\":\"https:\/\/schema.org\",\"@graph\":[{\"@type\":\"WebPage\",\"@id\":\"https:\/\/www.biocabaz.pt\/web\/cabazes-da-semana-2\/\",\"url\":\"https:\/\/www.biocabaz.pt\/web\/cabazes-da-semana-2\/\",\"name\":\"Biocabaz | Cabaz Beb\u00e9 e Fruta\",\"isPartOf\":{\"@id\":\"https:\/\/www.biocabaz.pt\/web\/en\/#website\"},\"datePublished\":\"2019-05-02T09:18:51+00:00\",\"dateModified\":\"2021-01-28T17:53:45+00:00\",\"description\":\"{:pt}Cabaz biol\u00f3gico beb\u00e9 com legumes e frutas direcionadas para uma nutri\u00e7\u00e3o completa do seu beb\u00e9. Cabaz de frutas recheado fruta bio e bio nacional.{:}\",\"breadcrumb\":{\"@id\":\"https:\/\/www.biocabaz.pt\/web\/cabazes-da-semana-2\/#breadcrumb\"},\"inLanguage\":\"pt-PT\",\"potentialAction\":[{\"@type\":\"ReadAction\",\"target\":[\"https:\/\/www.biocabaz.pt\/web\/cabazes-da-semana-2\/\"]}]},{\"@type\":\"BreadcrumbList\",\"@id\":\"https:\/\/www.biocabaz.pt\/web\/cabazes-da-semana-2\/#breadcrumb\",\"itemListElement\":[{\"@type\":\"ListItem\",\"position\":1,\"name\":\"Home\",\"item\":\"https:\/\/www.biocabaz.pt\/web\/en\/\"},{\"@type\":\"ListItem\",\"position\":2,\"name\":\"Cabazes Beb\u00e9 e Fruta\"}]},{\"@type\":\"WebSite\",\"@id\":\"https:\/\/www.biocabaz.pt\/web\/en\/#website\",\"url\":\"https:\/\/www.biocabaz.pt\/web\/en\/\",\"name\":\"CABAZES BIOL\u00d3GICOS\",\"description\":\"One+Number\",\"potentialAction\":[{\"@type\":\"SearchAction\",\"target\":{\"@type\":\"EntryPoint\",\"urlTemplate\":\"https:\/\/www.biocabaz.pt\/web\/en\/?s={search_term_string}\"},\"query-input\":{\"@type\":\"PropertyValueSpecification\",\"valueRequired\":true,\"valueName\":\"search_term_string\"}}],\"inLanguage\":\"pt-PT\"}]}<\/script>\n<!-- \/ Yoast SEO plugin. -->","yoast_head_json":{"title":"Biocabaz | Cabaz Beb\u00e9 e Fruta","description":"{:pt}Cabaz biol\u00f3gico beb\u00e9 com legumes e frutas direcionadas para uma nutri\u00e7\u00e3o completa do seu beb\u00e9. Cabaz de frutas recheado fruta bio e bio nacional.{:}","robots":{"index":"index","follow":"follow","max-snippet":"max-snippet:-1","max-image-preview":"max-image-preview:large","max-video-preview":"max-video-preview:-1"},"canonical":"https:\/\/www.biocabaz.pt\/web\/en\/cabazes-da-semana-2\/","og_locale":"pt_PT","og_type":"article","og_title":"Biocabaz | Cabaz Beb\u00e9 e Fruta","og_description":"{:pt}Cabaz biol\u00f3gico beb\u00e9 com legumes e frutas direcionadas para uma nutri\u00e7\u00e3o completa do seu beb\u00e9. Cabaz de frutas recheado fruta bio e bio nacional.{:}","og_url":"https:\/\/www.biocabaz.pt\/web\/en\/produto\/cabaz-fruta-bio\/","og_site_name":"CABAZES BIOL\u00d3GICOS","article_modified_time":"2021-01-28T17:53:45+00:00","twitter_card":"summary_large_image","schema":{"@context":"https:\/\/schema.org","@graph":[{"@type":"WebPage","@id":"https:\/\/www.biocabaz.pt\/web\/cabazes-da-semana-2\/","url":"https:\/\/www.biocabaz.pt\/web\/cabazes-da-semana-2\/","name":"Biocabaz | Cabaz Beb\u00e9 e Fruta","isPartOf":{"@id":"https:\/\/www.biocabaz.pt\/web\/en\/#website"},"datePublished":"2019-05-02T09:18:51+00:00","dateModified":"2021-01-28T17:53:45+00:00","description":"{:pt}Cabaz biol\u00f3gico beb\u00e9 com legumes e frutas direcionadas para uma nutri\u00e7\u00e3o completa do seu beb\u00e9. Cabaz de frutas recheado fruta bio e bio nacional.{:}","breadcrumb":{"@id":"https:\/\/www.biocabaz.pt\/web\/cabazes-da-semana-2\/#breadcrumb"},"inLanguage":"pt-PT","potentialAction":[{"@type":"ReadAction","target":["https:\/\/www.biocabaz.pt\/web\/cabazes-da-semana-2\/"]}]},{"@type":"BreadcrumbList","@id":"https:\/\/www.biocabaz.pt\/web\/cabazes-da-semana-2\/#breadcrumb","itemListElement":[{"@type":"ListItem","position":1,"name":"Home","item":"https:\/\/www.biocabaz.pt\/web\/en\/"},{"@type":"ListItem","position":2,"name":"Cabazes Beb\u00e9 e Fruta"}]},{"@type":"WebSite","@id":"https:\/\/www.biocabaz.pt\/web\/en\/#website","url":"https:\/\/www.biocabaz.pt\/web\/en\/","name":"CABAZES BIOL\u00d3GICOS","description":"One+Number","potentialAction":[{"@type":"SearchAction","target":{"@type":"EntryPoint","urlTemplate":"https:\/\/www.biocabaz.pt\/web\/en\/?s={search_term_string}"},"query-input":{"@type":"PropertyValueSpecification","valueRequired":true,"valueName":"search_term_string"}}],"inLanguage":"pt-PT"}]}},"_links":{"self":[{"href":"https:\/\/www.biocabaz.pt\/web\/en\/wp-json\/wp\/v2\/pages\/17176","targetHints":{"allow":["GET"]}}],"collection":[{"href":"https:\/\/www.biocabaz.pt\/web\/en\/wp-json\/wp\/v2\/pages"}],"about":[{"href":"https:\/\/www.biocabaz.pt\/web\/en\/wp-json\/wp\/v2\/types\/page"}],"author":[{"embeddable":true,"href":"https:\/\/www.biocabaz.pt\/web\/en\/wp-json\/wp\/v2\/users\/3"}],"replies":[{"embeddable":true,"href":"https:\/\/www.biocabaz.pt\/web\/en\/wp-json\/wp\/v2\/comments?post=17176"}],"version-history":[{"count":2,"href":"https:\/\/www.biocabaz.pt\/web\/en\/wp-json\/wp\/v2\/pages\/17176\/revisions"}],"predecessor-version":[{"id":61581,"href":"https:\/\/www.biocabaz.pt\/web\/en\/wp-json\/wp\/v2\/pages\/17176\/revisions\/61581"}],"wp:attachment":[{"href":"https:\/\/www.biocabaz.pt\/web\/en\/wp-json\/wp\/v2\/media?parent=17176"}],"curies":[{"name":"wp","href":"https:\/\/api.w.org\/{rel}","templated":true}]}}