{"id":17,"date":"2016-01-24T21:24:48","date_gmt":"2016-01-24T21:24:48","guid":{"rendered":"http:\/\/www.biocabaz.com\/web\/?page_id=17"},"modified":"2020-08-21T16:02:47","modified_gmt":"2020-08-21T16:02:47","slug":"avisos-legais","status":"publish","type":"page","link":"https:\/\/www.biocabaz.pt\/web\/en\/avisos-legais\/","title":{"rendered":"Organic and certified"},"content":{"rendered":"[mk_page_section][vc_column][vc_column_text css=&#8221;.vc_custom_1598025710369{margin-bottom: 0px !important;}&#8221;]<u>Organic Production<\/u><\/p>\n<p>Organic farming follows criteria defined by the European Commission (Commission Regulation No. 889\/2008 of 5 September 2008) and consists of the production of plants in a sustainable manner, respecting life cycles and nature, with \u201cpractices crops and the limited use of low solubility fertilizers and improvers \u201d(Commission Regulation No. 889\/2008 of 5 September 2008). The use of pesticides is severely restricted and pests, diseases and weeds must be minimized through preventive measures.<\/p>\n<p>In organic farming the use of genetically modified species is strictly prohibited, opting instead for plant species adapted to local edaphoclimatic conditions and therefore more resistant to pests and diseases. Special attention is also given to biological pest control with the introduction of suitable predators that prevent or consume certain harmful animal or plant species for production, such as ladybugs, which are so important in pest control like aphids, which are also commonly used. called lice. Another very efficient practice in the control of pests and diseases is the use of beneficial associations of plant species, such as the onion with the carrot with the benefit of repelling one of the pests, the carrot fly.<\/p>\n<p>In organic animal production, intensive production is not allowed, preserving the life cycles of each animal, which grows outdoors and is fed exclusively with products of biological origin.<\/p>\n<p><u>Certification<\/u><\/p>\n<p>All products we deliver to your basket are from organic production, with the respective certificate of compliance with the European Organic Agriculture Regulation and also the handling and delivery process are controlled by SATIVA PT-BIO-03, one of the control and certification for Organic Agriculture operating in Portugal, in order to ensure that from the origin to your home the products supplied are from organic farming. Our suppliers are mostly national, mandatorily controlled by a control and certification body, thus ensuring that all products supplied by them are from organic farming.<\/p>\n<p>Whenever possible, we give preference to national production but, as we know, production in Portugal is limited, both in quantity and in diversity throughout the year, so we also use imported products to satisfy the needs of our customers. In order to minimize imports, make your choices in seasonal products, as it is one of the ways to guarantee the consumption of national products!<\/p>\n<p>All imported products, fresh or groceries are certified. You can always see its origin on the product sheet where the producer is located and his nationality.[\/vc_column_text][\/vc_column][\/mk_page_section][mk_page_section][vc_column][mk_padding_divider][\/vc_column][\/mk_page_section]\n","protected":false},"excerpt":{"rendered":"<p>[mk_page_section][vc_column][vc_column_text css=&#8221;.vc_custom_1598025710369{margin-bottom: 0px !important;}&#8221;]Organic Production Organic farming follows criteria defined by the European Commission (Commission Regulation No. 889\/2008 of 5 September 2008) and consists of the production of plants in a sustainable manner, respecting life cycles and nature, with \u201cpractices crops and the limited use of low solubility fertilizers and improvers \u201d(Commission Regulation No. 889\/2008 [&hellip;]<\/p>\n","protected":false},"author":3,"featured_media":0,"parent":0,"menu_order":0,"comment_status":"closed","ping_status":"closed","template":"","meta":{"footnotes":""},"class_list":["post-17","page","type-page","status-publish","hentry"],"yoast_head":"<!-- This site is optimized with the Yoast SEO plugin v26.3 - https:\/\/yoast.com\/wordpress\/plugins\/seo\/ -->\n<title>Biol\u00f3gico e Certificado | Avisos Legais<\/title>\n<meta name=\"description\" content=\"Produ\u00e7\u00e3o biol\u00f3gica segue crit\u00e9rios estabelecidos. Todos os produtos fornecidos s\u00e3o certificados garantindo que prov\u00eam de agricultura biol\u00f3gica.\" \/>\n<meta name=\"robots\" content=\"index, follow, max-snippet:-1, max-image-preview:large, max-video-preview:-1\" \/>\n<link rel=\"canonical\" href=\"https:\/\/www.biocabaz.pt\/web\/en\/avisos-legais\/\" \/>\n<meta property=\"og:locale\" content=\"pt_PT\" \/>\n<meta property=\"og:locale:alternate\" content=\"pt_PT\" \/>\n<meta property=\"og:type\" content=\"article\" \/>\n<meta property=\"og:title\" content=\"Biol\u00f3gico e Certificado | Avisos Legais\" \/>\n<meta property=\"og:description\" content=\"Produ\u00e7\u00e3o biol\u00f3gica segue crit\u00e9rios estabelecidos. Todos os produtos fornecidos s\u00e3o certificados garantindo que prov\u00eam de agricultura biol\u00f3gica.\" \/>\n<meta property=\"og:url\" content=\"https:\/\/www.biocabaz.pt\/web\/en\/avisos-legais\/\" \/>\n<meta property=\"og:site_name\" content=\"CABAZES BIOL\u00d3GICOS\" \/>\n<meta property=\"article:modified_time\" content=\"2020-08-21T16:02:47+00:00\" \/>\n<meta name=\"twitter:card\" content=\"summary_large_image\" \/>\n<meta name=\"twitter:label1\" content=\"Est. reading time\" \/>\n\t<meta name=\"twitter:data1\" content=\"5 minutes\" \/>\n<script type=\"application\/ld+json\" class=\"yoast-schema-graph\">{\"@context\":\"https:\/\/schema.org\",\"@graph\":[{\"@type\":\"WebPage\",\"@id\":\"https:\/\/www.biocabaz.pt\/web\/avisos-legais\/\",\"url\":\"https:\/\/www.biocabaz.pt\/web\/avisos-legais\/\",\"name\":\"Biol\u00f3gico e Certificado | Avisos Legais\",\"isPartOf\":{\"@id\":\"https:\/\/www.biocabaz.pt\/web\/en\/#website\"},\"datePublished\":\"2016-01-24T21:24:48+00:00\",\"dateModified\":\"2020-08-21T16:02:47+00:00\",\"description\":\"Produ\u00e7\u00e3o biol\u00f3gica segue crit\u00e9rios estabelecidos. Todos os produtos fornecidos s\u00e3o certificados garantindo que prov\u00eam de agricultura biol\u00f3gica.\",\"breadcrumb\":{\"@id\":\"https:\/\/www.biocabaz.pt\/web\/avisos-legais\/#breadcrumb\"},\"inLanguage\":\"pt-PT\",\"potentialAction\":[{\"@type\":\"ReadAction\",\"target\":[\"https:\/\/www.biocabaz.pt\/web\/avisos-legais\/\"]}]},{\"@type\":\"BreadcrumbList\",\"@id\":\"https:\/\/www.biocabaz.pt\/web\/avisos-legais\/#breadcrumb\",\"itemListElement\":[{\"@type\":\"ListItem\",\"position\":1,\"name\":\"Home\",\"item\":\"https:\/\/www.biocabaz.pt\/web\/en\/\"},{\"@type\":\"ListItem\",\"position\":2,\"name\":\"Biol\u00f3gico e Certificado\"}]},{\"@type\":\"WebSite\",\"@id\":\"https:\/\/www.biocabaz.pt\/web\/en\/#website\",\"url\":\"https:\/\/www.biocabaz.pt\/web\/en\/\",\"name\":\"CABAZES BIOL\u00d3GICOS\",\"description\":\"One+Number\",\"potentialAction\":[{\"@type\":\"SearchAction\",\"target\":{\"@type\":\"EntryPoint\",\"urlTemplate\":\"https:\/\/www.biocabaz.pt\/web\/en\/?s={search_term_string}\"},\"query-input\":{\"@type\":\"PropertyValueSpecification\",\"valueRequired\":true,\"valueName\":\"search_term_string\"}}],\"inLanguage\":\"pt-PT\"}]}<\/script>\n<!-- \/ Yoast SEO plugin. -->","yoast_head_json":{"title":"Biol\u00f3gico e Certificado | Avisos Legais","description":"Produ\u00e7\u00e3o biol\u00f3gica segue crit\u00e9rios estabelecidos. Todos os produtos fornecidos s\u00e3o certificados garantindo que prov\u00eam de agricultura biol\u00f3gica.","robots":{"index":"index","follow":"follow","max-snippet":"max-snippet:-1","max-image-preview":"max-image-preview:large","max-video-preview":"max-video-preview:-1"},"canonical":"https:\/\/www.biocabaz.pt\/web\/en\/avisos-legais\/","og_locale":"pt_PT","og_type":"article","og_title":"Biol\u00f3gico e Certificado | Avisos Legais","og_description":"Produ\u00e7\u00e3o biol\u00f3gica segue crit\u00e9rios estabelecidos. Todos os produtos fornecidos s\u00e3o certificados garantindo que prov\u00eam de agricultura biol\u00f3gica.","og_url":"https:\/\/www.biocabaz.pt\/web\/en\/avisos-legais\/","og_site_name":"CABAZES BIOL\u00d3GICOS","article_modified_time":"2020-08-21T16:02:47+00:00","twitter_card":"summary_large_image","twitter_misc":{"Est. reading time":"5 minutes"},"schema":{"@context":"https:\/\/schema.org","@graph":[{"@type":"WebPage","@id":"https:\/\/www.biocabaz.pt\/web\/avisos-legais\/","url":"https:\/\/www.biocabaz.pt\/web\/avisos-legais\/","name":"Biol\u00f3gico e Certificado | Avisos Legais","isPartOf":{"@id":"https:\/\/www.biocabaz.pt\/web\/en\/#website"},"datePublished":"2016-01-24T21:24:48+00:00","dateModified":"2020-08-21T16:02:47+00:00","description":"Produ\u00e7\u00e3o biol\u00f3gica segue crit\u00e9rios estabelecidos. Todos os produtos fornecidos s\u00e3o certificados garantindo que prov\u00eam de agricultura biol\u00f3gica.","breadcrumb":{"@id":"https:\/\/www.biocabaz.pt\/web\/avisos-legais\/#breadcrumb"},"inLanguage":"pt-PT","potentialAction":[{"@type":"ReadAction","target":["https:\/\/www.biocabaz.pt\/web\/avisos-legais\/"]}]},{"@type":"BreadcrumbList","@id":"https:\/\/www.biocabaz.pt\/web\/avisos-legais\/#breadcrumb","itemListElement":[{"@type":"ListItem","position":1,"name":"Home","item":"https:\/\/www.biocabaz.pt\/web\/en\/"},{"@type":"ListItem","position":2,"name":"Biol\u00f3gico e Certificado"}]},{"@type":"WebSite","@id":"https:\/\/www.biocabaz.pt\/web\/en\/#website","url":"https:\/\/www.biocabaz.pt\/web\/en\/","name":"CABAZES BIOL\u00d3GICOS","description":"One+Number","potentialAction":[{"@type":"SearchAction","target":{"@type":"EntryPoint","urlTemplate":"https:\/\/www.biocabaz.pt\/web\/en\/?s={search_term_string}"},"query-input":{"@type":"PropertyValueSpecification","valueRequired":true,"valueName":"search_term_string"}}],"inLanguage":"pt-PT"}]}},"_links":{"self":[{"href":"https:\/\/www.biocabaz.pt\/web\/en\/wp-json\/wp\/v2\/pages\/17","targetHints":{"allow":["GET"]}}],"collection":[{"href":"https:\/\/www.biocabaz.pt\/web\/en\/wp-json\/wp\/v2\/pages"}],"about":[{"href":"https:\/\/www.biocabaz.pt\/web\/en\/wp-json\/wp\/v2\/types\/page"}],"author":[{"embeddable":true,"href":"https:\/\/www.biocabaz.pt\/web\/en\/wp-json\/wp\/v2\/users\/3"}],"replies":[{"embeddable":true,"href":"https:\/\/www.biocabaz.pt\/web\/en\/wp-json\/wp\/v2\/comments?post=17"}],"version-history":[{"count":3,"href":"https:\/\/www.biocabaz.pt\/web\/en\/wp-json\/wp\/v2\/pages\/17\/revisions"}],"predecessor-version":[{"id":51016,"href":"https:\/\/www.biocabaz.pt\/web\/en\/wp-json\/wp\/v2\/pages\/17\/revisions\/51016"}],"wp:attachment":[{"href":"https:\/\/www.biocabaz.pt\/web\/en\/wp-json\/wp\/v2\/media?parent=17"}],"curies":[{"name":"wp","href":"https:\/\/api.w.org\/{rel}","templated":true}]}}