{"id":123,"date":"2016-02-12T23:35:56","date_gmt":"2016-02-12T23:35:56","guid":{"rendered":"http:\/\/www.biocabaz.com\/web\/?page_id=123"},"modified":"2025-08-30T15:17:45","modified_gmt":"2025-08-30T15:17:45","slug":"cabazes-biologicos","status":"publish","type":"page","link":"https:\/\/www.biocabaz.pt\/web\/en\/","title":{"rendered":"CABAZES BIOL\u00d3GICOS COM ENTREGA AO DOMIC\u00cdLIO"},"content":{"rendered":"[vc_row][vc_column][vc_raw_js][\/vc_raw_js][\/vc_column][\/vc_row][vc_row][vc_column][mk_padding_divider size=&#8221;39&#8243;][\/vc_column][\/vc_row][vc_row][vc_column width=&#8221;1\/2&#8243; el_class=&#8221;woo_slider_novidades&#8221;][mk_fancy_title color=&#8221;#565656&#8243; size=&#8221;16&#8243; font_weight=&#8221;300&#8243; txt_transform=&#8221;uppercase&#8221; letter_spacing=&#8221;1&#8243; margin_bottom=&#8221;0&#8243; font_family=&#8221;none&#8221; align=&#8221;center&#8221;]\n<p>Just arrived<\/p>\n[\/mk_fancy_title][mk_fancy_title color=&#8221;#000000&#8243; size=&#8221;25&#8243; font_weight=&#8221;bold&#8221; txt_transform=&#8221;uppercase&#8221; letter_spacing=&#8221;1&#8243; margin_top=&#8221;2&#8243; margin_bottom=&#8221;13&#8243; font_family=&#8221;none&#8221; align=&#8221;center&#8221;]New this week[\/mk_fancy_title][vc_separator color=&#8221;custom&#8221; border_width=&#8221;2&#8243; el_width=&#8221;20&#8243; accent_color=&#8221;#82ba41&#8243; css=&#8221;.vc_custom_1455410376571{margin-top: 8px !important;margin-bottom: 21px !important;}&#8221;][vc_column_text el_class=&#8221;novidades&#8221; css=&#8221;.vc_custom_1587254876994{margin-bottom: 0px !important;}&#8221;]<div class=\"woocommerce columns-4 \"><div class=\"mk-product-loop compact-layout grid--float\">\n\t<section class=\"products mk--row js-el\" data-grid-config='{\"item\":\".product\"}' data-mk-component=\"Grid\">\n\n<article   class=\"item mk--col mk--col--3-12 product type-product post-598 status-publish instock product_cat-legumes product_cat-novidade has-post-thumbnail shipping-taxable purchasable product-type-simple\">\n<div class=\"mk-product-holder\">\n\t\t<div class=\"product-loop-thumb\">\n\t\t<a href=\"https:\/\/www.biocabaz.pt\/web\/en\/produto\/tomate-cacho\/\" class=\"product-link\"><img decoding=\"async\" src=\"https:\/\/www.biocabaz.pt\/web\/wp-conteudos\/uploads\/bfi_thumb\/dummy-transparent-ooif3gskt3pjjx65vz1jy6igecasblxpwo2vtsp0vc.png\" data-mk-image-src-set='{\"default\":\"https:\/\/www.biocabaz.pt\/web\/wp-conteudos\/uploads\/2016\/04\/tomate-cacho-330x260.jpg\",\"2x\":\"https:\/\/www.biocabaz.pt\/web\/wp-conteudos\/uploads\/2016\/04\/tomate-cacho.jpg\",\"mobile\":\"\",\"responsive\":\"true\"}' class=\"product-loop-image\" alt=\"Organic tomato bunch\" title=\"Organic tomato bunch\" itemprop=\"image\" \/><span class=\"product-loading-icon added-cart\"><\/span><\/a>\n\t\t<div class=\"product-item-footer without-rating\">\n\t\t\t\t\t\t\t\t\t<input type=\"hidden\" class=\"wpmProductId\" data-id=\"598\">\n\t\t\t\t\t<script>\n\t\t\t(window.wpmDataLayer = window.wpmDataLayer || {}).products                = window.wpmDataLayer.products || {};\n\t\t\twindow.wpmDataLayer.products[598] = {\"id\":\"598\",\"sku\":\"F02BF080\",\"price\":2.5,\"brand\":\"\",\"quantity\":1,\"dyn_r_ids\":{\"post_id\":\"598\",\"sku\":\"F02BF080\",\"gpf\":\"woocommerce_gpf_598\",\"gla\":\"gla_598\"},\"is_variable\":false,\"type\":\"simple\",\"name\":\"Organic tomato bunch\",\"category\":[\"Legumes\",\"Novidade\"],\"is_variation\":false};\n\t\t\t\t\twindow.pmw_product_position = window.pmw_product_position || 1;\n\t\twindow.wpmDataLayer.products[598]['position'] = window.pmw_product_position++;\n\t\t\t\t<\/script>\n\t\t\t<\/div>\n<\/div>\n\t\n\t\t<div class=\"mk-shop-item-detail\">\n\t\t\t<h3 class=\"product-title\"><a href=\"https:\/\/www.biocabaz.pt\/web\/en\/produto\/tomate-cacho\/\">Organic tomato bunch<\/a><\/h3>\n\t\t\t\n\t\t\t\t\t<\/div>\n<\/div>\n<\/article>\n\n<article   class=\"item mk--col mk--col--3-12 product type-product post-563 status-publish last instock product_cat-frutas product_cat-novidade has-post-thumbnail shipping-taxable purchasable product-type-simple\">\n<div class=\"mk-product-holder\">\n\t\t<div class=\"product-loop-thumb\">\n\t\t<a href=\"https:\/\/www.biocabaz.pt\/web\/en\/produto\/morango-bio\/\" class=\"product-link\"><img decoding=\"async\" src=\"https:\/\/www.biocabaz.pt\/web\/wp-conteudos\/uploads\/bfi_thumb\/dummy-transparent-ooif3gskt3pjjx65vz1jy6igecasblxpwo2vtsp0vc.png\" data-mk-image-src-set='{\"default\":\"https:\/\/www.biocabaz.pt\/web\/wp-conteudos\/uploads\/2016\/04\/morango-1-330x260.jpg\",\"2x\":\"https:\/\/www.biocabaz.pt\/web\/wp-conteudos\/uploads\/2016\/04\/morango-1.jpg\",\"mobile\":\"\",\"responsive\":\"true\"}' class=\"product-loop-image\" alt=\"Portuguese organic strawberry\" title=\"Portuguese organic strawberry\" itemprop=\"image\" \/><span class=\"product-loading-icon added-cart\"><\/span><\/a>\n\t\t<div class=\"product-item-footer without-rating\">\n\t\t\t\t\t\t\t\t\t<input type=\"hidden\" class=\"wpmProductId\" data-id=\"563\">\n\t\t\t\t\t<script>\n\t\t\t(window.wpmDataLayer = window.wpmDataLayer || {}).products                = window.wpmDataLayer.products || {};\n\t\t\twindow.wpmDataLayer.products[563] = {\"id\":\"563\",\"sku\":\"F01BF036\",\"price\":2.99,\"brand\":\"\",\"quantity\":1,\"dyn_r_ids\":{\"post_id\":\"563\",\"sku\":\"F01BF036\",\"gpf\":\"woocommerce_gpf_563\",\"gla\":\"gla_563\"},\"is_variable\":false,\"type\":\"simple\",\"name\":\"Portuguese organic strawberry\",\"category\":[\"Frutas\",\"Novidade\"],\"is_variation\":false};\n\t\t\t\t\twindow.pmw_product_position = window.pmw_product_position || 1;\n\t\twindow.wpmDataLayer.products[563]['position'] = window.pmw_product_position++;\n\t\t\t\t<\/script>\n\t\t\t<\/div>\n<\/div>\n\t\n\t\t<div class=\"mk-shop-item-detail\">\n\t\t\t<h3 class=\"product-title\"><a href=\"https:\/\/www.biocabaz.pt\/web\/en\/produto\/morango-bio\/\">Portuguese organic strawberry<\/a><\/h3>\n\t\t\t\n\t\t\t\t\t<\/div>\n<\/div>\n<\/article>\n\t<\/section>\n<\/div>\n<\/div>[\/vc_column_text][\/vc_column][vc_column width=&#8221;1\/2&#8243;][mk_fancy_title color=&#8221;#565656&#8243; size=&#8221;16&#8243; font_weight=&#8221;300&#8243; txt_transform=&#8221;uppercase&#8221; letter_spacing=&#8221;1&#8243; margin_bottom=&#8221;0&#8243; font_family=&#8221;none&#8221; align=&#8221;center&#8221;]Always different, always special[\/mk_fancy_title][mk_fancy_title color=&#8221;#000000&#8243; size=&#8221;25&#8243; font_weight=&#8221;bold&#8221; txt_transform=&#8221;uppercase&#8221; letter_spacing=&#8221;1&#8243; margin_top=&#8221;2&#8243; font_family=&#8221;none&#8221; align=&#8221;center&#8221;]Basket of the week[\/mk_fancy_title][vc_separator color=&#8221;custom&#8221; border_width=&#8221;2&#8243; el_width=&#8221;20&#8243; accent_color=&#8221;#82ba41&#8243; css=&#8221;.vc_custom_1455410376571{margin-top: 8px !important;margin-bottom: 21px !important;}&#8221;][mk_padding_divider size=&#8221;5&#8243;][vc_row_inner css=&#8221;.vc_custom_1483732911426{margin-top: 4px !important;background-image: url(https:\/\/www.biocabaz.pt\/web\/wp-conteudos\/uploads\/2016\/04\/foto-site4.jpg?id=1148) !important;}&#8221; el_id=&#8221;destaque_cabaz&#8221;][vc_column_inner][mk_padding_divider size=&#8221;320&#8243;][mk_button dimension=&#8221;flat&#8221; corner_style=&#8221;rounded&#8221; size=&#8221;medium&#8221; url=&#8221;https:\/\/www.biocabaz.pt\/web\/cabazes-da-semana\/&#8221; align=&#8221;center&#8221; button_custom_width=&#8221;322&#8243; margin_right=&#8221;0&#8243; btn_hover_bg=&#8221;#000000&#8243; btn_hover_txt_color=&#8221;#ffffff&#8221;]Order yours now[\/mk_button][mk_padding_divider size=&#8221;6&#8243;][\/vc_column_inner][\/vc_row_inner][\/vc_column][\/vc_row][vc_row][vc_column width=&#8221;1\/2&#8243;][\/vc_column][vc_column width=&#8221;1\/2&#8243; css=&#8221;.vc_custom_1455412567621{margin-top: 6px !important;}&#8221;][\/vc_column][\/vc_row][vc_row][vc_column][mk_fancy_title color=&#8221;#565656&#8243; size=&#8221;16&#8243; font_weight=&#8221;300&#8243; txt_transform=&#8221;uppercase&#8221; letter_spacing=&#8221;1&#8243; margin_bottom=&#8221;0&#8243; font_family=&#8221;none&#8221; align=&#8221;center&#8221;]Don&#8217;t miss our[\/mk_fancy_title][mk_fancy_title color=&#8221;#000000&#8243; size=&#8221;25&#8243; font_weight=&#8221;bold&#8221; txt_transform=&#8221;uppercase&#8221; letter_spacing=&#8221;1&#8243; margin_top=&#8221;2&#8243; margin_bottom=&#8221;13&#8243; font_family=&#8221;none&#8221; align=&#8221;center&#8221;]Featured products[\/mk_fancy_title][vc_separator color=&#8221;custom&#8221; border_width=&#8221;2&#8243; el_width=&#8221;20&#8243; accent_color=&#8221;#82ba41&#8243; css=&#8221;.vc_custom_1455410376571{margin-top: 8px !important;margin-bottom: 21px !important;}&#8221;][\/vc_column][\/vc_row][vc_row][vc_column el_class=&#8221;woo_slider_novidades&#8221;][vc_column_text css=&#8221;.vc_custom_1587254050809{margin-bottom: 0px !important;}&#8221;]<div class=\"woocommerce columns-4 \"><div class=\"mk-product-loop compact-layout grid--float\">\n\t<section class=\"products mk--row js-el\" data-grid-config='{\"item\":\".product\"}' data-mk-component=\"Grid\">\n\n<article   class=\"item mk--col mk--col--3-12 product type-product post-323 status-publish instock product_cat-em-destaque product_cat-legumes has-post-thumbnail shipping-taxable purchasable product-type-simple\">\n<div class=\"mk-product-holder\">\n\t\t<div class=\"product-loop-thumb\">\n\t\t<a href=\"https:\/\/www.biocabaz.pt\/web\/en\/produto\/espargos-bio\/\" class=\"product-link\"><img decoding=\"async\" src=\"https:\/\/www.biocabaz.pt\/web\/wp-conteudos\/uploads\/bfi_thumb\/dummy-transparent-ooif3gskt3pjjx65vz1jy6igecasblxpwo2vtsp0vc.png\" data-mk-image-src-set='{\"default\":\"https:\/\/www.biocabaz.pt\/web\/wp-conteudos\/uploads\/2016\/03\/espargos-1-330x260.jpg\",\"2x\":\"https:\/\/www.biocabaz.pt\/web\/wp-conteudos\/uploads\/2016\/03\/espargos-1.jpg\",\"mobile\":\"\",\"responsive\":\"true\"}' class=\"product-loop-image\" alt=\"Organic asparagus\" title=\"Organic asparagus\" itemprop=\"image\" \/><span class=\"product-loading-icon added-cart\"><\/span><\/a>\n\t\t<div class=\"product-item-footer without-rating\">\n\t\t\t\t\t\t\t\t\t<input type=\"hidden\" class=\"wpmProductId\" data-id=\"323\">\n\t\t\t\t\t<script>\n\t\t\t(window.wpmDataLayer = window.wpmDataLayer || {}).products                = window.wpmDataLayer.products || {};\n\t\t\twindow.wpmDataLayer.products[323] = {\"id\":\"323\",\"sku\":\"F02BF051\",\"price\":3.5,\"brand\":\"\",\"quantity\":1,\"dyn_r_ids\":{\"post_id\":\"323\",\"sku\":\"F02BF051\",\"gpf\":\"woocommerce_gpf_323\",\"gla\":\"gla_323\"},\"is_variable\":false,\"type\":\"simple\",\"name\":\"Organic asparagus\",\"category\":[\"Em destaque\",\"Legumes\"],\"is_variation\":false};\n\t\t\t\t\twindow.pmw_product_position = window.pmw_product_position || 1;\n\t\twindow.wpmDataLayer.products[323]['position'] = window.pmw_product_position++;\n\t\t\t\t<\/script>\n\t\t\t<\/div>\n<\/div>\n\t\n\t\t<div class=\"mk-shop-item-detail\">\n\t\t\t<h3 class=\"product-title\"><a href=\"https:\/\/www.biocabaz.pt\/web\/en\/produto\/espargos-bio\/\">Organic asparagus<\/a><\/h3>\n\t\t\t\n\t\t\t\t\t<\/div>\n<\/div>\n<\/article>\n\n<article   class=\"item mk--col mk--col--3-12 product type-product post-267 status-publish last instock product_cat-em-destaque product_cat-frutas has-post-thumbnail shipping-taxable purchasable product-type-simple\">\n<div class=\"mk-product-holder\">\n\t\t<div class=\"product-loop-thumb\">\n\t\t<a href=\"https:\/\/www.biocabaz.pt\/web\/en\/produto\/banana\/\" class=\"product-link\"><img decoding=\"async\" src=\"https:\/\/www.biocabaz.pt\/web\/wp-conteudos\/uploads\/bfi_thumb\/dummy-transparent-ooif3gskt3pjjx65vz1jy6igecasblxpwo2vtsp0vc.png\" data-mk-image-src-set='{\"default\":\"https:\/\/www.biocabaz.pt\/web\/wp-conteudos\/uploads\/2016\/03\/banana-2-330x260.jpg\",\"2x\":\"https:\/\/www.biocabaz.pt\/web\/wp-conteudos\/uploads\/2016\/03\/banana-2.jpg\",\"mobile\":\"\",\"responsive\":\"true\"}' class=\"product-loop-image\" alt=\"Organic banana\" title=\"Organic banana\" itemprop=\"image\" \/><span class=\"product-loading-icon added-cart\"><\/span><\/a>\n\t\t<div class=\"product-item-footer without-rating\">\n\t\t\t\t\t\t\t\t\t<input type=\"hidden\" class=\"wpmProductId\" data-id=\"267\">\n\t\t\t\t\t<script>\n\t\t\t(window.wpmDataLayer = window.wpmDataLayer || {}).products                = window.wpmDataLayer.products || {};\n\t\t\twindow.wpmDataLayer.products[267] = {\"id\":\"267\",\"sku\":\"F01BF009\",\"price\":4.4,\"brand\":\"\",\"quantity\":1,\"dyn_r_ids\":{\"post_id\":\"267\",\"sku\":\"F01BF009\",\"gpf\":\"woocommerce_gpf_267\",\"gla\":\"gla_267\"},\"is_variable\":false,\"type\":\"simple\",\"name\":\"Organic banana\",\"category\":[\"Em destaque\",\"Frutas\"],\"is_variation\":false};\n\t\t\t\t\twindow.pmw_product_position = window.pmw_product_position || 1;\n\t\twindow.wpmDataLayer.products[267]['position'] = window.pmw_product_position++;\n\t\t\t\t<\/script>\n\t\t\t<\/div>\n<\/div>\n\t\n\t\t<div class=\"mk-shop-item-detail\">\n\t\t\t<h3 class=\"product-title\"><a href=\"https:\/\/www.biocabaz.pt\/web\/en\/produto\/banana\/\">Organic banana<\/a><\/h3>\n\t\t\t\n\t\t\t\t\t<\/div>\n<\/div>\n<\/article>\n\n<article   class=\"item mk--col mk--col--3-12 product type-product post-279 status-publish instock product_cat-em-destaque product_cat-legumes has-post-thumbnail shipping-taxable purchasable product-type-simple\">\n<div class=\"mk-product-holder\">\n\t\t<div class=\"product-loop-thumb\">\n\t\t<a href=\"https:\/\/www.biocabaz.pt\/web\/en\/produto\/batata-doce-laranja\/\" class=\"product-link\"><img decoding=\"async\" src=\"https:\/\/www.biocabaz.pt\/web\/wp-conteudos\/uploads\/bfi_thumb\/dummy-transparent-ooif3gskt3pjjx65vz1jy6igecasblxpwo2vtsp0vc.png\" data-mk-image-src-set='{\"default\":\"https:\/\/www.biocabaz.pt\/web\/wp-conteudos\/uploads\/2016\/03\/batata_doce_laranja-1-330x260.jpg\",\"2x\":\"https:\/\/www.biocabaz.pt\/web\/wp-conteudos\/uploads\/2016\/03\/batata_doce_laranja-1.jpg\",\"mobile\":\"\",\"responsive\":\"true\"}' class=\"product-loop-image\" alt=\"Organic orange sweet potato\" title=\"Organic orange sweet potato\" itemprop=\"image\" \/><span class=\"product-loading-icon added-cart\"><\/span><\/a>\n\t\t<div class=\"product-item-footer without-rating\">\n\t\t\t\t\t\t\t\t\t<input type=\"hidden\" class=\"wpmProductId\" data-id=\"279\">\n\t\t\t\t\t<script>\n\t\t\t(window.wpmDataLayer = window.wpmDataLayer || {}).products                = window.wpmDataLayer.products || {};\n\t\t\twindow.wpmDataLayer.products[279] = {\"id\":\"279\",\"sku\":\"F02BF023\",\"price\":2.4,\"brand\":\"\",\"quantity\":1,\"dyn_r_ids\":{\"post_id\":\"279\",\"sku\":\"F02BF023\",\"gpf\":\"woocommerce_gpf_279\",\"gla\":\"gla_279\"},\"is_variable\":false,\"type\":\"simple\",\"name\":\"Organic orange sweet potato\",\"category\":[\"Em destaque\",\"Legumes\"],\"is_variation\":false};\n\t\t\t\t\twindow.pmw_product_position = window.pmw_product_position || 1;\n\t\twindow.wpmDataLayer.products[279]['position'] = window.pmw_product_position++;\n\t\t\t\t<\/script>\n\t\t\t<\/div>\n<\/div>\n\t\n\t\t<div class=\"mk-shop-item-detail\">\n\t\t\t<h3 class=\"product-title\"><a href=\"https:\/\/www.biocabaz.pt\/web\/en\/produto\/batata-doce-laranja\/\">Organic orange sweet potato<\/a><\/h3>\n\t\t\t\n\t\t\t\t\t<\/div>\n<\/div>\n<\/article>\n\n<article   class=\"item mk--col mk--col--3-12 product type-product post-260 status-publish last instock product_cat-em-destaque product_cat-frutas has-post-thumbnail shipping-taxable purchasable product-type-simple\">\n<div class=\"mk-product-holder\">\n\t\t<div class=\"product-loop-thumb\">\n\t\t<a href=\"https:\/\/www.biocabaz.pt\/web\/en\/produto\/abacate-2\/\" class=\"product-link\"><img decoding=\"async\" src=\"https:\/\/www.biocabaz.pt\/web\/wp-conteudos\/uploads\/bfi_thumb\/dummy-transparent-ooif3gskt3pjjx65vz1jy6igecasblxpwo2vtsp0vc.png\" data-mk-image-src-set='{\"default\":\"https:\/\/www.biocabaz.pt\/web\/wp-conteudos\/uploads\/2016\/03\/abacate-1-330x260.jpg\",\"2x\":\"https:\/\/www.biocabaz.pt\/web\/wp-conteudos\/uploads\/2016\/03\/abacate-1.jpg\",\"mobile\":\"\",\"responsive\":\"true\"}' class=\"product-loop-image\" alt=\"Portuguese organic avocado\" title=\"Portuguese organic avocado\" itemprop=\"image\" \/><span class=\"product-loading-icon added-cart\"><\/span><\/a>\n\t\t<div class=\"product-item-footer without-rating\">\n\t\t\t\t\t\t\t\t\t<input type=\"hidden\" class=\"wpmProductId\" data-id=\"260\">\n\t\t\t\t\t<script>\n\t\t\t(window.wpmDataLayer = window.wpmDataLayer || {}).products                = window.wpmDataLayer.products || {};\n\t\t\twindow.wpmDataLayer.products[260] = {\"id\":\"260\",\"sku\":\"F01BF001\",\"price\":3.25,\"brand\":\"\",\"quantity\":1,\"dyn_r_ids\":{\"post_id\":\"260\",\"sku\":\"F01BF001\",\"gpf\":\"woocommerce_gpf_260\",\"gla\":\"gla_260\"},\"is_variable\":false,\"type\":\"simple\",\"name\":\"Portuguese organic avocado\",\"category\":[\"Em destaque\",\"Frutas\"],\"is_variation\":false};\n\t\t\t\t\twindow.pmw_product_position = window.pmw_product_position || 1;\n\t\twindow.wpmDataLayer.products[260]['position'] = window.pmw_product_position++;\n\t\t\t\t<\/script>\n\t\t\t<\/div>\n<\/div>\n\t\n\t\t<div class=\"mk-shop-item-detail\">\n\t\t\t<h3 class=\"product-title\"><a href=\"https:\/\/www.biocabaz.pt\/web\/en\/produto\/abacate-2\/\">Portuguese organic avocado<\/a><\/h3>\n\t\t\t\n\t\t\t\t\t<\/div>\n<\/div>\n<\/article>\n\t<\/section>\n<\/div>\n<\/div>[\/vc_column_text][\/vc_column][\/vc_row][vc_row][vc_column][mk_padding_divider size=&#8221;65&#8243;][\/vc_column][\/vc_row]\n","protected":false},"excerpt":{"rendered":"<p>[vc_row][vc_column][vc_raw_js][\/vc_raw_js][\/vc_column][\/vc_row][vc_row][vc_column][mk_padding_divider size=&#8221;39&#8243;][\/vc_column][\/vc_row][vc_row][vc_column width=&#8221;1\/2&#8243; el_class=&#8221;woo_slider_novidades&#8221;][mk_fancy_title color=&#8221;#565656&#8243; size=&#8221;16&#8243; font_weight=&#8221;300&#8243; txt_transform=&#8221;uppercase&#8221; letter_spacing=&#8221;1&#8243; margin_bottom=&#8221;0&#8243; font_family=&#8221;none&#8221; align=&#8221;center&#8221;] Just arrived [\/mk_fancy_title][mk_fancy_title color=&#8221;#000000&#8243; size=&#8221;25&#8243; font_weight=&#8221;bold&#8221; txt_transform=&#8221;uppercase&#8221; letter_spacing=&#8221;1&#8243; margin_top=&#8221;2&#8243; margin_bottom=&#8221;13&#8243; font_family=&#8221;none&#8221; align=&#8221;center&#8221;]New this week[\/mk_fancy_title][vc_separator color=&#8221;custom&#8221; border_width=&#8221;2&#8243; el_width=&#8221;20&#8243; accent_color=&#8221;#82ba41&#8243; css=&#8221;.vc_custom_1455410376571{margin-top: 8px !important;margin-bottom: 21px !important;}&#8221;][vc_column_text el_class=&#8221;novidades&#8221; css=&#8221;.vc_custom_1587254876994{margin-bottom: 0px !important;}&#8221;][\/vc_column_text][\/vc_column][vc_column width=&#8221;1\/2&#8243;][mk_fancy_title color=&#8221;#565656&#8243; size=&#8221;16&#8243; font_weight=&#8221;300&#8243; txt_transform=&#8221;uppercase&#8221; letter_spacing=&#8221;1&#8243; margin_bottom=&#8221;0&#8243; font_family=&#8221;none&#8221; align=&#8221;center&#8221;]Always different, always special[\/mk_fancy_title][mk_fancy_title color=&#8221;#000000&#8243; size=&#8221;25&#8243; font_weight=&#8221;bold&#8221; txt_transform=&#8221;uppercase&#8221; [&hellip;]<\/p>\n","protected":false},"author":3,"featured_media":0,"parent":0,"menu_order":0,"comment_status":"closed","ping_status":"closed","template":"","meta":{"footnotes":""},"class_list":["post-123","page","type-page","status-publish","hentry"],"yoast_head":"<!-- This site is optimized with the Yoast SEO plugin v26.3 - https:\/\/yoast.com\/wordpress\/plugins\/seo\/ -->\n<title>CABAZES BIOL\u00d3GICOS<\/title>\n<meta name=\"description\" content=\"Cabazes biol\u00f3gicos semanais com entrega r\u00e1pida em Lisboa, Margem Sul e Algarve. ENTREGA GR\u00c1TIS\" \/>\n<meta name=\"robots\" content=\"index, follow, max-snippet:-1, max-image-preview:large, max-video-preview:-1\" \/>\n<link rel=\"canonical\" href=\"https:\/\/www.biocabaz.pt\/web\/en\/\" \/>\n<meta property=\"og:locale\" content=\"pt_PT\" \/>\n<meta property=\"og:locale:alternate\" content=\"pt_PT\" \/>\n<meta property=\"og:type\" content=\"article\" \/>\n<meta property=\"og:title\" content=\"CABAZES BIOL\u00d3GICOS\" \/>\n<meta property=\"og:description\" content=\"Cabazes biol\u00f3gicos semanais com entrega r\u00e1pida em Lisboa, Margem Sul e Algarve. ENTREGA GR\u00c1TIS\" \/>\n<meta property=\"og:url\" content=\"https:\/\/www.biocabaz.pt\/web\/en\/\" \/>\n<meta property=\"og:site_name\" content=\"CABAZES BIOL\u00d3GICOS\" \/>\n<meta property=\"article:modified_time\" content=\"2025-08-30T15:17:45+00:00\" \/>\n<meta name=\"twitter:card\" content=\"summary_large_image\" \/>\n<meta name=\"twitter:label1\" content=\"Est. reading time\" \/>\n\t<meta name=\"twitter:data1\" content=\"2 minutes\" \/>\n<script type=\"application\/ld+json\" class=\"yoast-schema-graph\">{\"@context\":\"https:\/\/schema.org\",\"@graph\":[{\"@type\":\"WebPage\",\"@id\":\"https:\/\/www.biocabaz.pt\/web\/en\/\",\"url\":\"https:\/\/www.biocabaz.pt\/web\/en\/\",\"name\":\"CABAZES BIOL\u00d3GICOS\",\"isPartOf\":{\"@id\":\"https:\/\/www.biocabaz.pt\/web\/en\/#website\"},\"datePublished\":\"2016-02-12T23:35:56+00:00\",\"dateModified\":\"2025-08-30T15:17:45+00:00\",\"description\":\"Cabazes biol\u00f3gicos semanais com entrega r\u00e1pida em Lisboa, Margem Sul e Algarve. ENTREGA GR\u00c1TIS\",\"breadcrumb\":{\"@id\":\"https:\/\/www.biocabaz.pt\/web\/en\/#breadcrumb\"},\"inLanguage\":\"pt-PT\",\"potentialAction\":[{\"@type\":\"ReadAction\",\"target\":[\"https:\/\/www.biocabaz.pt\/web\/en\/\"]}]},{\"@type\":\"BreadcrumbList\",\"@id\":\"https:\/\/www.biocabaz.pt\/web\/en\/#breadcrumb\",\"itemListElement\":[{\"@type\":\"ListItem\",\"position\":1,\"name\":\"Home\",\"item\":\"https:\/\/www.biocabaz.pt\/web\/en\/\"},{\"@type\":\"ListItem\",\"position\":2,\"name\":\"CABAZES BIOL\u00d3GICOS COM ENTREGA AO DOMIC\u00cdLIO\"}]},{\"@type\":\"WebSite\",\"@id\":\"https:\/\/www.biocabaz.pt\/web\/en\/#website\",\"url\":\"https:\/\/www.biocabaz.pt\/web\/en\/\",\"name\":\"CABAZES BIOL\u00d3GICOS\",\"description\":\"One+Number\",\"potentialAction\":[{\"@type\":\"SearchAction\",\"target\":{\"@type\":\"EntryPoint\",\"urlTemplate\":\"https:\/\/www.biocabaz.pt\/web\/en\/?s={search_term_string}\"},\"query-input\":{\"@type\":\"PropertyValueSpecification\",\"valueRequired\":true,\"valueName\":\"search_term_string\"}}],\"inLanguage\":\"pt-PT\"}]}<\/script>\n<!-- \/ Yoast SEO plugin. -->","yoast_head_json":{"title":"CABAZES BIOL\u00d3GICOS","description":"Cabazes biol\u00f3gicos semanais com entrega r\u00e1pida em Lisboa, Margem Sul e Algarve. ENTREGA GR\u00c1TIS","robots":{"index":"index","follow":"follow","max-snippet":"max-snippet:-1","max-image-preview":"max-image-preview:large","max-video-preview":"max-video-preview:-1"},"canonical":"https:\/\/www.biocabaz.pt\/web\/en\/","og_locale":"pt_PT","og_type":"article","og_title":"[:pt]BioCabaz | Cabazes Biol\u00f3gicos | Sempre Diferente, Sempre Especial[:en]CABAZES BIOL\u00d3GICOS[:]","og_description":"[:pt]Cabazes biol\u00f3gicos semanais com entrega r\u00e1pida em Lisboa, Margem Sul e Algarve. ENTREGA GR\u00c1TIS[:]","og_url":"https:\/\/www.biocabaz.pt\/web\/en\/","og_site_name":"CABAZES BIOL\u00d3GICOS","article_modified_time":"2025-08-30T15:17:45+00:00","twitter_card":"summary_large_image","twitter_misc":{"Est. reading time":"2 minutes"},"schema":{"@context":"https:\/\/schema.org","@graph":[{"@type":"WebPage","@id":"https:\/\/www.biocabaz.pt\/web\/en\/","url":"https:\/\/www.biocabaz.pt\/web\/en\/","name":"CABAZES BIOL\u00d3GICOS","isPartOf":{"@id":"https:\/\/www.biocabaz.pt\/web\/en\/#website"},"datePublished":"2016-02-12T23:35:56+00:00","dateModified":"2025-08-30T15:17:45+00:00","description":"Cabazes biol\u00f3gicos semanais com entrega r\u00e1pida em Lisboa, Margem Sul e Algarve. ENTREGA GR\u00c1TIS","breadcrumb":{"@id":"https:\/\/www.biocabaz.pt\/web\/en\/#breadcrumb"},"inLanguage":"pt-PT","potentialAction":[{"@type":"ReadAction","target":["https:\/\/www.biocabaz.pt\/web\/en\/"]}]},{"@type":"BreadcrumbList","@id":"https:\/\/www.biocabaz.pt\/web\/en\/#breadcrumb","itemListElement":[{"@type":"ListItem","position":1,"name":"Home","item":"https:\/\/www.biocabaz.pt\/web\/en\/"},{"@type":"ListItem","position":2,"name":"CABAZES BIOL\u00d3GICOS COM ENTREGA AO DOMIC\u00cdLIO"}]},{"@type":"WebSite","@id":"https:\/\/www.biocabaz.pt\/web\/en\/#website","url":"https:\/\/www.biocabaz.pt\/web\/en\/","name":"CABAZES BIOL\u00d3GICOS","description":"One+Number","potentialAction":[{"@type":"SearchAction","target":{"@type":"EntryPoint","urlTemplate":"https:\/\/www.biocabaz.pt\/web\/en\/?s={search_term_string}"},"query-input":{"@type":"PropertyValueSpecification","valueRequired":true,"valueName":"search_term_string"}}],"inLanguage":"pt-PT"}]}},"_links":{"self":[{"href":"https:\/\/www.biocabaz.pt\/web\/en\/wp-json\/wp\/v2\/pages\/123","targetHints":{"allow":["GET"]}}],"collection":[{"href":"https:\/\/www.biocabaz.pt\/web\/en\/wp-json\/wp\/v2\/pages"}],"about":[{"href":"https:\/\/www.biocabaz.pt\/web\/en\/wp-json\/wp\/v2\/types\/page"}],"author":[{"embeddable":true,"href":"https:\/\/www.biocabaz.pt\/web\/en\/wp-json\/wp\/v2\/users\/3"}],"replies":[{"embeddable":true,"href":"https:\/\/www.biocabaz.pt\/web\/en\/wp-json\/wp\/v2\/comments?post=123"}],"version-history":[{"count":60,"href":"https:\/\/www.biocabaz.pt\/web\/en\/wp-json\/wp\/v2\/pages\/123\/revisions"}],"predecessor-version":[{"id":123437,"href":"https:\/\/www.biocabaz.pt\/web\/en\/wp-json\/wp\/v2\/pages\/123\/revisions\/123437"}],"wp:attachment":[{"href":"https:\/\/www.biocabaz.pt\/web\/en\/wp-json\/wp\/v2\/media?parent=123"}],"curies":[{"name":"wp","href":"https:\/\/api.w.org\/{rel}","templated":true}]}}